{"id":628,"date":"2025-12-27T00:38:22","date_gmt":"2025-12-26T23:38:22","guid":{"rendered":"https:\/\/danlexway.com\/?post_type=product&#038;p=628"},"modified":"2026-03-27T11:34:27","modified_gmt":"2026-03-27T10:34:27","slug":"zestaw-poscieli-do-mercedes","status":"publish","type":"product","link":"https:\/\/danlexway.com\/ru\/produkt\/zestaw-poscieli-do-mercedes\/","title":{"rendered":"\u041a\u043e\u043c\u043f\u043b\u0435\u043a\u0442 \u043f\u043e\u0441\u0442\u0435\u043b\u0438 Scania"},"content":{"rendered":"<p data-start=\"207\" data-end=\"397\"><strong data-start=\"207\" data-end=\"247\">Zestaw po\u015bcieli do kabiny ci\u0119\u017car\u00f3wek marki Scania <\/strong>zaprojektowany z my\u015bl\u0105 o komforcie podczas d\u0142ugich tras. Po\u015bciel idealnie dopasowana do materaca w kabinie, zapewnia wygodny i spokojny sen kierowcy.<\/p>\n<p data-start=\"399\" data-end=\"526\">Zestaw wykonany jest z <strong data-start=\"422\" data-end=\"449\">100% naturalnej bawe\u0142ny<\/strong>, przyjemnej w dotyku, przewiewnej i odpowiedniej do codziennego u\u017cytkowania.<\/p>\n<h3 data-start=\"528\" data-end=\"556\">W sk\u0142ad zestawu wchodzi:<\/h3>\n<ul data-start=\"557\" data-end=\"710\">\n<li data-start=\"557\" data-end=\"597\">\n<p data-start=\"559\" data-end=\"597\"><strong data-start=\"559\" data-end=\"583\">Poszewka na poduszk\u0119<\/strong>: 50 \u00d7 70 cm<\/p>\n<\/li>\n<li data-start=\"598\" data-end=\"636\">\n<p data-start=\"600\" data-end=\"636\"><strong data-start=\"600\" data-end=\"620\">Poszwa na ko\u0142dr\u0119<\/strong>: 140 \u00d7 200 cm<\/p>\n<\/li>\n<li data-start=\"637\" data-end=\"710\">\n<p data-start=\"639\" data-end=\"710\"><strong data-start=\"639\" data-end=\"687\">Prze\u015bcierad\u0142o dopasowane do profilu materaca<\/strong> w kabinie ci\u0119\u017car\u00f3wki<\/p>\n<\/li>\n<\/ul>\n<p data-start=\"712\" data-end=\"794\">Prze\u015bcierad\u0142o idealnie przylega do materaca, nie przesuwa si\u0119 podczas snu i jazdy.<\/p>\n<h3 data-start=\"796\" data-end=\"823\">Materia\u0142 i piel\u0119gnacja:<\/h3>\n<ul data-start=\"824\" data-end=\"886\">\n<li data-start=\"824\" data-end=\"853\">\n<p data-start=\"826\" data-end=\"853\"><strong data-start=\"826\" data-end=\"837\">Tkanina<\/strong>: 100% bawe\u0142na<\/p>\n<\/li>\n<li data-start=\"854\" data-end=\"886\">\n<p data-start=\"856\" data-end=\"886\"><strong data-start=\"856\" data-end=\"866\">Pranie<\/strong>: zalecane do 40\u00b0C<\/p>\n<\/li>\n<\/ul>\n<p data-start=\"888\" data-end=\"1011\">Zestaw po\u015bcieli to praktyczne i komfortowe rozwi\u0105zanie dla kierowc\u00f3w zawodowych, kt\u00f3rzy ceni\u0105 wygod\u0119 i jako\u015b\u0107 snu w trasie.<\/p>\n","protected":false},"excerpt":{"rendered":"<p>Zestaw po\u015bcieli do kabiny ci\u0119\u017car\u00f3wek marki Scania zaprojektowany z my\u015bl\u0105 o komforcie podczas d\u0142ugich tras. Po\u015bciel idealnie dopasowana do materaca w kabinie, zapewnia wygodny i spokojny sen kierowcy. Zestaw wykonany jest z 100% naturalnej bawe\u0142ny, przyjemnej w dotyku, przewiewnej i odpowiedniej do codziennego u\u017cytkowania. W sk\u0142ad zestawu wchodzi: Poszewka na poduszk\u0119: 50 \u00d7 70 cm [&hellip;]<\/p>\n","protected":false},"featured_media":632,"comment_status":"open","ping_status":"closed","template":"","meta":{"_acf_changed":false,"inline_featured_image":false},"product_brand":[],"product_cat":[21,50],"product_tag":[],"class_list":{"0":"post-628","1":"product","2":"type-product","3":"status-publish","4":"has-post-thumbnail","6":"product_cat-akcesoria-dla-kierowcow","7":"product_cat-scania","9":"first","10":"instock","11":"shipping-taxable","12":"purchasable","13":"product-type-simple"},"acf":[],"aioseo_notices":[],"qtranslate_raw":{"raw_title":"[:pl]Zestaw po\u015bcieli do Scania[:ru]\u041a\u043e\u043c\u043f\u043b\u0435\u043a\u0442 \u043f\u043e\u0441\u0442\u0435\u043b\u0438 Scania[:]","raw_content":"<p data-start=\"207\" data-end=\"397\"><strong data-start=\"207\" data-end=\"247\">Zestaw po\u015bcieli do kabiny ci\u0119\u017car\u00f3wek marki Scania <\/strong>zaprojektowany z my\u015bl\u0105 o komforcie podczas d\u0142ugich tras. Po\u015bciel idealnie dopasowana do materaca w kabinie, zapewnia wygodny i spokojny sen kierowcy.<\/p>\r\n<p data-start=\"399\" data-end=\"526\">Zestaw wykonany jest z <strong data-start=\"422\" data-end=\"449\">100% naturalnej bawe\u0142ny<\/strong>, przyjemnej w dotyku, przewiewnej i odpowiedniej do codziennego u\u017cytkowania.<\/p>\r\n\r\n<h3 data-start=\"528\" data-end=\"556\">W sk\u0142ad zestawu wchodzi:<\/h3>\r\n<ul data-start=\"557\" data-end=\"710\">\r\n \t<li data-start=\"557\" data-end=\"597\">\r\n<p data-start=\"559\" data-end=\"597\"><strong data-start=\"559\" data-end=\"583\">Poszewka na poduszk\u0119<\/strong>: 50 \u00d7 70 cm<\/p>\r\n<\/li>\r\n \t<li data-start=\"598\" data-end=\"636\">\r\n<p data-start=\"600\" data-end=\"636\"><strong data-start=\"600\" data-end=\"620\">Poszwa na ko\u0142dr\u0119<\/strong>: 140 \u00d7 200 cm<\/p>\r\n<\/li>\r\n \t<li data-start=\"637\" data-end=\"710\">\r\n<p data-start=\"639\" data-end=\"710\"><strong data-start=\"639\" data-end=\"687\">Prze\u015bcierad\u0142o dopasowane do profilu materaca<\/strong> w kabinie ci\u0119\u017car\u00f3wki<\/p>\r\n<\/li>\r\n<\/ul>\r\n<p data-start=\"712\" data-end=\"794\">Prze\u015bcierad\u0142o idealnie przylega do materaca, nie przesuwa si\u0119 podczas snu i jazdy.<\/p>\r\n\r\n<h3 data-start=\"796\" data-end=\"823\">Materia\u0142 i piel\u0119gnacja:<\/h3>\r\n<ul data-start=\"824\" data-end=\"886\">\r\n \t<li data-start=\"824\" data-end=\"853\">\r\n<p data-start=\"826\" data-end=\"853\"><strong data-start=\"826\" data-end=\"837\">Tkanina<\/strong>: 100% bawe\u0142na<\/p>\r\n<\/li>\r\n \t<li data-start=\"854\" data-end=\"886\">\r\n<p data-start=\"856\" data-end=\"886\"><strong data-start=\"856\" data-end=\"866\">Pranie<\/strong>: zalecane do 40\u00b0C<\/p>\r\n<\/li>\r\n<\/ul>\r\n<p data-start=\"888\" data-end=\"1011\">Zestaw po\u015bcieli to praktyczne i komfortowe rozwi\u0105zanie dla kierowc\u00f3w zawodowych, kt\u00f3rzy ceni\u0105 wygod\u0119 i jako\u015b\u0107 snu w trasie.<\/p>","raw_meta":{"woo_inpost_parcel_dimensions":"medium"}},"_links":{"self":[{"href":"https:\/\/danlexway.com\/ru\/wp-json\/wp\/v2\/product\/628","targetHints":{"allow":["GET"]}}],"collection":[{"href":"https:\/\/danlexway.com\/ru\/wp-json\/wp\/v2\/product"}],"about":[{"href":"https:\/\/danlexway.com\/ru\/wp-json\/wp\/v2\/types\/product"}],"replies":[{"embeddable":true,"href":"https:\/\/danlexway.com\/ru\/wp-json\/wp\/v2\/comments?post=628"}],"wp:featuredmedia":[{"embeddable":true,"href":"https:\/\/danlexway.com\/ru\/wp-json\/wp\/v2\/media\/632"}],"wp:attachment":[{"href":"https:\/\/danlexway.com\/ru\/wp-json\/wp\/v2\/media?parent=628"}],"wp:term":[{"taxonomy":"product_brand","embeddable":true,"href":"https:\/\/danlexway.com\/ru\/wp-json\/wp\/v2\/product_brand?post=628"},{"taxonomy":"product_cat","embeddable":true,"href":"https:\/\/danlexway.com\/ru\/wp-json\/wp\/v2\/product_cat?post=628"},{"taxonomy":"product_tag","embeddable":true,"href":"https:\/\/danlexway.com\/ru\/wp-json\/wp\/v2\/product_tag?post=628"}],"curies":[{"name":"wp","href":"https:\/\/api.w.org\/{rel}","templated":true}]}}