{"id":622,"date":"2025-12-26T23:37:56","date_gmt":"2025-12-26T22:37:56","guid":{"rendered":"https:\/\/danlexway.com\/?post_type=product&#038;p=622"},"modified":"2026-03-27T11:34:47","modified_gmt":"2026-03-27T10:34:47","slug":"komplekt-posteli-man-tgx","status":"publish","type":"product","link":"https:\/\/danlexway.com\/ru\/produkt\/komplekt-posteli-man-tgx\/","title":{"rendered":"\u041a\u043e\u043c\u043f\u043b\u0435\u043a\u0442 \u043f\u043e\u0441\u0442\u0435\u043b\u0438 MAN (TGX)"},"content":{"rendered":"<p><\/p>\n<p data-start=\"1053\" data-end=\"1286\"><strong data-start=\"1053\" data-end=\"1115\">\u041a\u043e\u043c\u043f\u043b\u0435\u043a\u0442 \u043f\u043e\u0441\u0442\u0435\u043b\u044c\u043d\u043e\u0433\u043e \u0431\u0435\u043b\u044c\u044f \u0434\u043b\u044f \u043a\u0430\u0431\u0438\u043d\u044b \u0433\u0440\u0443\u0437\u043e\u0432\u043e\u0433\u043e \u0430\u0432\u0442\u043e\u043c\u043e\u0431\u0438\u043b\u044f MAN (TGX)<\/strong>\u00a0\u0440\u0430\u0437\u0440\u0430\u0431\u043e\u0442\u0430\u043d\u043d\u044b\u0439 \u0434\u043b\u044f \u043a\u043e\u043c\u0444\u043e\u0440\u0442\u043d\u043e\u0433\u043e \u043e\u0442\u0434\u044b\u0445\u0430 \u0432\u043e \u0432\u0440\u0435\u043c\u044f \u0434\u0430\u043b\u044c\u043d\u0438\u0445 \u0440\u0435\u0439\u0441\u043e\u0432. \u041f\u043e\u0441\u0442\u0435\u043b\u044c \u0438\u0434\u0435\u0430\u043b\u044c\u043d\u043e \u0430\u0434\u0430\u043f\u0442\u0438\u0440\u043e\u0432\u0430\u043d\u0430 \u043f\u043e\u0434 \u043f\u0440\u043e\u0444\u0438\u043b\u044c \u043c\u0430\u0442\u0440\u0430\u0441\u0430 \u0432 \u043a\u0430\u0431\u0438\u043d\u0435 \u0438 \u043e\u0431\u0435\u0441\u043f\u0435\u0447\u0438\u0432\u0430\u0435\u0442 \u0443\u0434\u043e\u0431\u043d\u044b\u0439 \u0438 \u0441\u043f\u043e\u043a\u043e\u0439\u043d\u044b\u0439 \u0441\u043e\u043d \u0432\u043e\u0434\u0438\u0442\u0435\u043b\u044f.<\/p>\n<p data-start=\"1288\" data-end=\"1432\">\u041a\u043e\u043c\u043f\u043b\u0435\u043a\u0442 \u0438\u0437\u0433\u043e\u0442\u043e\u0432\u043b\u0435\u043d \u0438\u0437 <strong data-start=\"1311\" data-end=\"1339\">100% \u043d\u0430\u0442\u0443\u0440\u0430\u043b\u044c\u043d\u043e\u0433\u043e \u0445\u043b\u043e\u043f\u043a\u0430<\/strong> \u2014 \u043c\u044f\u0433\u043a\u043e\u0433\u043e, \u0434\u044b\u0448\u0430\u0449\u0435\u0433\u043e \u0438 \u043f\u0440\u0438\u044f\u0442\u043d\u043e\u0433\u043e \u043a \u0442\u0435\u043b\u0443 \u043c\u0430\u0442\u0435\u0440\u0438\u0430\u043b\u0430, \u043f\u043e\u0434\u0445\u043e\u0434\u044f\u0449\u0435\u0433\u043e \u0434\u043b\u044f \u0435\u0436\u0435\u0434\u043d\u0435\u0432\u043d\u043e\u0433\u043e \u0438\u0441\u043f\u043e\u043b\u044c\u0437\u043e\u0432\u0430\u043d\u0438\u044f.<\/p>\n<h3 data-start=\"1434\" data-end=\"1456\">\u0412 \u043a\u043e\u043c\u043f\u043b\u0435\u043a\u0442 \u0432\u0445\u043e\u0434\u0438\u0442:<\/h3>\n<ul data-start=\"1457\" data-end=\"1578\">\n<li data-start=\"1457\" data-end=\"1486\">\n<p data-start=\"1459\" data-end=\"1486\"><strong data-start=\"1459\" data-end=\"1472\">\u041d\u0430\u0432\u043e\u043b\u043e\u0447\u043a\u0430<\/strong>: 50 \u00d7 70 \u0441\u043c<\/p>\n<\/li>\n<li data-start=\"1487\" data-end=\"1521\">\n<p data-start=\"1489\" data-end=\"1521\"><strong data-start=\"1489\" data-end=\"1505\">\u041f\u043e\u0434\u043e\u0434\u0435\u044f\u043b\u044c\u043d\u0438\u043a<\/strong>: 140 \u00d7 200 \u0441\u043c<\/p>\n<\/li>\n<li data-start=\"1522\" data-end=\"1578\">\n<p data-start=\"1524\" data-end=\"1578\"><strong data-start=\"1524\" data-end=\"1555\">\u041f\u0440\u043e\u0441\u0442\u044b\u043d\u044c \u043f\u043e \u043f\u0440\u043e\u0444\u0438\u043b\u044e \u043c\u0430\u0442\u0440\u0430\u0441\u0430<\/strong> \u0434\u043b\u044f \u043a\u0430\u0431\u0438\u043d\u044b \u0433\u0440\u0443\u0437\u043e\u0432\u0438\u043a\u0430<\/p>\n<\/li>\n<\/ul>\n<p data-start=\"1580\" data-end=\"1665\">\u041f\u0440\u043e\u0441\u0442\u044b\u043d\u044c \u043f\u043b\u043e\u0442\u043d\u043e \u043f\u0440\u0438\u043b\u0435\u0433\u0430\u0435\u0442 \u043a \u043c\u0430\u0442\u0440\u0430\u0441\u0443, \u043d\u0435 \u0441\u043c\u0435\u0449\u0430\u0435\u0442\u0441\u044f \u0432\u043e \u0432\u0440\u0435\u043c\u044f \u0441\u043d\u0430 \u0438 \u0434\u0432\u0438\u0436\u0435\u043d\u0438\u044f \u0430\u0432\u0442\u043e\u043c\u043e\u0431\u0438\u043b\u044f.<\/p>\n<h3 data-start=\"1667\" data-end=\"1687\">\u041c\u0430\u0442\u0435\u0440\u0438\u0430\u043b \u0438 \u0443\u0445\u043e\u0434:<\/h3>\n<ul data-start=\"1688\" data-end=\"1754\">\n<li data-start=\"1688\" data-end=\"1714\">\n<p data-start=\"1690\" data-end=\"1714\"><strong data-start=\"1690\" data-end=\"1699\">\u0422\u043a\u0430\u043d\u044c<\/strong>: 100% \u0445\u043b\u043e\u043f\u043e\u043a<\/p>\n<\/li>\n<li data-start=\"1715\" data-end=\"1754\">\n<p data-start=\"1717\" data-end=\"1754\"><strong data-start=\"1717\" data-end=\"1743\">\u0420\u0435\u043a\u043e\u043c\u0435\u043d\u0434\u043e\u0432\u0430\u043d\u043d\u0430\u044f \u0441\u0442\u0438\u0440\u043a\u0430<\/strong>: \u0434\u043e 40\u00b0C<\/p>\n<\/li>\n<\/ul>\n<p data-start=\"1756\" data-end=\"1889\">\u041a\u043e\u043c\u043f\u043b\u0435\u043a\u0442 \u043f\u043e\u0441\u0442\u0435\u043b\u044c\u043d\u043e\u0433\u043e \u0431\u0435\u043b\u044c\u044f \u2014 \u043f\u0440\u0430\u043a\u0442\u0438\u0447\u043d\u043e\u0435 \u0438 \u0443\u0434\u043e\u0431\u043d\u043e\u0435 \u0440\u0435\u0448\u0435\u043d\u0438\u0435 \u0434\u043b\u044f \u043f\u0440\u043e\u0444\u0435\u0441\u0441\u0438\u043e\u043d\u0430\u043b\u044c\u043d\u044b\u0445 \u0432\u043e\u0434\u0438\u0442\u0435\u043b\u0435\u0439, \u0446\u0435\u043d\u044f\u0449\u0438\u0445 \u043a\u043e\u043c\u0444\u043e\u0440\u0442 \u0438 \u043a\u0430\u0447\u0435\u0441\u0442\u0432\u043e \u043e\u0442\u0434\u044b\u0445\u0430 \u0432 \u0434\u043e\u0440\u043e\u0433\u0435.<\/p>\n<p><\/p>","protected":false},"excerpt":{"rendered":"<p>\u041a\u043e\u043c\u043f\u043b\u0435\u043a\u0442 \u043f\u043e\u0441\u0442\u0435\u043b\u044c\u043d\u043e\u0433\u043e \u0431\u0435\u043b\u044c\u044f \u0434\u043b\u044f \u043a\u0430\u0431\u0438\u043d\u044b \u0433\u0440\u0443\u0437\u043e\u0432\u043e\u0433\u043e \u0430\u0432\u0442\u043e\u043c\u043e\u0431\u0438\u043b\u044f MAN (TGX)\u00a0\u0440\u0430\u0437\u0440\u0430\u0431\u043e\u0442\u0430\u043d\u043d\u044b\u0439 \u0434\u043b\u044f \u043a\u043e\u043c\u0444\u043e\u0440\u0442\u043d\u043e\u0433\u043e \u043e\u0442\u0434\u044b\u0445\u0430 \u0432\u043e \u0432\u0440\u0435\u043c\u044f \u0434\u0430\u043b\u044c\u043d\u0438\u0445 \u0440\u0435\u0439\u0441\u043e\u0432. \u041f\u043e\u0441\u0442\u0435\u043b\u044c \u0438\u0434\u0435\u0430\u043b\u044c\u043d\u043e \u0430\u0434\u0430\u043f\u0442\u0438\u0440\u043e\u0432\u0430\u043d\u0430 \u043f\u043e\u0434 \u043f\u0440\u043e\u0444\u0438\u043b\u044c \u043c\u0430\u0442\u0440\u0430\u0441\u0430 \u0432 \u043a\u0430\u0431\u0438\u043d\u0435 \u0438 \u043e\u0431\u0435\u0441\u043f\u0435\u0447\u0438\u0432\u0430\u0435\u0442 \u0443\u0434\u043e\u0431\u043d\u044b\u0439 \u0438 \u0441\u043f\u043e\u043a\u043e\u0439\u043d\u044b\u0439 \u0441\u043e\u043d \u0432\u043e\u0434\u0438\u0442\u0435\u043b\u044f. \u041a\u043e\u043c\u043f\u043b\u0435\u043a\u0442 \u0438\u0437\u0433\u043e\u0442\u043e\u0432\u043b\u0435\u043d \u0438\u0437 100% \u043d\u0430\u0442\u0443\u0440\u0430\u043b\u044c\u043d\u043e\u0433\u043e \u0445\u043b\u043e\u043f\u043a\u0430 \u2014 \u043c\u044f\u0433\u043a\u043e\u0433\u043e, \u0434\u044b\u0448\u0430\u0449\u0435\u0433\u043e \u0438 \u043f\u0440\u0438\u044f\u0442\u043d\u043e\u0433\u043e \u043a \u0442\u0435\u043b\u0443 \u043c\u0430\u0442\u0435\u0440\u0438\u0430\u043b\u0430, \u043f\u043e\u0434\u0445\u043e\u0434\u044f\u0449\u0435\u0433\u043e \u0434\u043b\u044f \u0435\u0436\u0435\u0434\u043d\u0435\u0432\u043d\u043e\u0433\u043e \u0438\u0441\u043f\u043e\u043b\u044c\u0437\u043e\u0432\u0430\u043d\u0438\u044f. \u0412 \u043a\u043e\u043c\u043f\u043b\u0435\u043a\u0442 \u0432\u0445\u043e\u0434\u0438\u0442: \u041d\u0430\u0432\u043e\u043b\u043e\u0447\u043a\u0430: 50 \u00d7 [&hellip;]<\/p>\n","protected":false},"featured_media":618,"comment_status":"open","ping_status":"closed","template":"","meta":{"_acf_changed":false,"inline_featured_image":false},"product_brand":[],"product_cat":[44,47,21],"product_tag":[],"class_list":{"0":"post-622","1":"product","2":"type-product","3":"status-publish","4":"has-post-thumbnail","6":"product_cat-posciel-do-ciezarowek","7":"product_cat-man","8":"product_cat-akcesoria-dla-kierowcow","10":"first","11":"outofstock","12":"shipping-taxable","13":"purchasable","14":"product-type-simple"},"acf":[],"aioseo_notices":[],"qtranslate_raw":{"raw_title":"[:pl]Zestaw po\u015bcieli do MAN (TGX)[:ru]\u041a\u043e\u043c\u043f\u043b\u0435\u043a\u0442 \u043f\u043e\u0441\u0442\u0435\u043b\u0438 MAN (TGX)[:]","raw_content":"[:pl]<p data-start=\"207\" data-end=\"397\"><strong data-start=\"207\" data-end=\"247\">Zestaw po\u015bcieli do kabiny ci\u0119\u017car\u00f3wek marki MAN (TGX) <\/strong>zaprojektowany z my\u015bl\u0105 o komforcie podczas d\u0142ugich tras. Po\u015bciel idealnie dopasowana do materaca w kabinie, zapewnia wygodny i spokojny sen kierowcy.<\/p>\r\n<p data-start=\"399\" data-end=\"526\">Zestaw wykonany jest z <strong data-start=\"422\" data-end=\"449\">100% naturalnej bawe\u0142ny<\/strong>, przyjemnej w dotyku, przewiewnej i odpowiedniej do codziennego u\u017cytkowania.<\/p>\r\n\r\n<h3 data-start=\"528\" data-end=\"556\">W sk\u0142ad zestawu wchodzi:<\/h3>\r\n<ul data-start=\"557\" data-end=\"710\">\r\n \t<li data-start=\"557\" data-end=\"597\">\r\n<p data-start=\"559\" data-end=\"597\"><strong data-start=\"559\" data-end=\"583\">Poszewka na poduszk\u0119<\/strong>: 50 \u00d7 70 cm<\/p>\r\n<\/li>\r\n \t<li data-start=\"598\" data-end=\"636\">\r\n<p data-start=\"600\" data-end=\"636\"><strong data-start=\"600\" data-end=\"620\">Poszwa na ko\u0142dr\u0119<\/strong>: 140 \u00d7 200 cm<\/p>\r\n<\/li>\r\n \t<li data-start=\"637\" data-end=\"710\">\r\n<p data-start=\"639\" data-end=\"710\"><strong data-start=\"639\" data-end=\"687\">Prze\u015bcierad\u0142o dopasowane do profilu materaca<\/strong> w kabinie ci\u0119\u017car\u00f3wki<\/p>\r\n<\/li>\r\n<\/ul>\r\n<p data-start=\"712\" data-end=\"794\">Prze\u015bcierad\u0142o idealnie przylega do materaca, nie przesuwa si\u0119 podczas snu i jazdy.<\/p>\r\n\r\n<h3 data-start=\"796\" data-end=\"823\">Materia\u0142 i piel\u0119gnacja:<\/h3>\r\n<ul data-start=\"824\" data-end=\"886\">\r\n \t<li data-start=\"824\" data-end=\"853\">\r\n<p data-start=\"826\" data-end=\"853\"><strong data-start=\"826\" data-end=\"837\">Tkanina<\/strong>: 100% bawe\u0142na<\/p>\r\n<\/li>\r\n \t<li data-start=\"854\" data-end=\"886\">\r\n<p data-start=\"856\" data-end=\"886\"><strong data-start=\"856\" data-end=\"866\">Pranie<\/strong>: zalecane do 40\u00b0C<\/p>\r\n<\/li>\r\n<\/ul>\r\n<p data-start=\"888\" data-end=\"1011\">Zestaw po\u015bcieli to praktyczne i komfortowe rozwi\u0105zanie dla kierowc\u00f3w zawodowych, kt\u00f3rzy ceni\u0105 wygod\u0119 i jako\u015b\u0107 snu w trasie.<\/p>[:ru]<p data-start=\"1053\" data-end=\"1286\"><strong data-start=\"1053\" data-end=\"1115\">\u041a\u043e\u043c\u043f\u043b\u0435\u043a\u0442 \u043f\u043e\u0441\u0442\u0435\u043b\u044c\u043d\u043e\u0433\u043e \u0431\u0435\u043b\u044c\u044f \u0434\u043b\u044f \u043a\u0430\u0431\u0438\u043d\u044b \u0433\u0440\u0443\u0437\u043e\u0432\u043e\u0433\u043e \u0430\u0432\u0442\u043e\u043c\u043e\u0431\u0438\u043b\u044f MAN (TGX)<\/strong>\u00a0\u0440\u0430\u0437\u0440\u0430\u0431\u043e\u0442\u0430\u043d\u043d\u044b\u0439 \u0434\u043b\u044f \u043a\u043e\u043c\u0444\u043e\u0440\u0442\u043d\u043e\u0433\u043e \u043e\u0442\u0434\u044b\u0445\u0430 \u0432\u043e \u0432\u0440\u0435\u043c\u044f \u0434\u0430\u043b\u044c\u043d\u0438\u0445 \u0440\u0435\u0439\u0441\u043e\u0432. \u041f\u043e\u0441\u0442\u0435\u043b\u044c \u0438\u0434\u0435\u0430\u043b\u044c\u043d\u043e \u0430\u0434\u0430\u043f\u0442\u0438\u0440\u043e\u0432\u0430\u043d\u0430 \u043f\u043e\u0434 \u043f\u0440\u043e\u0444\u0438\u043b\u044c \u043c\u0430\u0442\u0440\u0430\u0441\u0430 \u0432 \u043a\u0430\u0431\u0438\u043d\u0435 \u0438 \u043e\u0431\u0435\u0441\u043f\u0435\u0447\u0438\u0432\u0430\u0435\u0442 \u0443\u0434\u043e\u0431\u043d\u044b\u0439 \u0438 \u0441\u043f\u043e\u043a\u043e\u0439\u043d\u044b\u0439 \u0441\u043e\u043d \u0432\u043e\u0434\u0438\u0442\u0435\u043b\u044f.<\/p>\r\n<p data-start=\"1288\" data-end=\"1432\">\u041a\u043e\u043c\u043f\u043b\u0435\u043a\u0442 \u0438\u0437\u0433\u043e\u0442\u043e\u0432\u043b\u0435\u043d \u0438\u0437 <strong data-start=\"1311\" data-end=\"1339\">100% \u043d\u0430\u0442\u0443\u0440\u0430\u043b\u044c\u043d\u043e\u0433\u043e \u0445\u043b\u043e\u043f\u043a\u0430<\/strong> \u2014 \u043c\u044f\u0433\u043a\u043e\u0433\u043e, \u0434\u044b\u0448\u0430\u0449\u0435\u0433\u043e \u0438 \u043f\u0440\u0438\u044f\u0442\u043d\u043e\u0433\u043e \u043a \u0442\u0435\u043b\u0443 \u043c\u0430\u0442\u0435\u0440\u0438\u0430\u043b\u0430, \u043f\u043e\u0434\u0445\u043e\u0434\u044f\u0449\u0435\u0433\u043e \u0434\u043b\u044f \u0435\u0436\u0435\u0434\u043d\u0435\u0432\u043d\u043e\u0433\u043e \u0438\u0441\u043f\u043e\u043b\u044c\u0437\u043e\u0432\u0430\u043d\u0438\u044f.<\/p>\r\n\r\n<h3 data-start=\"1434\" data-end=\"1456\">\u0412 \u043a\u043e\u043c\u043f\u043b\u0435\u043a\u0442 \u0432\u0445\u043e\u0434\u0438\u0442:<\/h3>\r\n<ul data-start=\"1457\" data-end=\"1578\">\r\n \t<li data-start=\"1457\" data-end=\"1486\">\r\n<p data-start=\"1459\" data-end=\"1486\"><strong data-start=\"1459\" data-end=\"1472\">\u041d\u0430\u0432\u043e\u043b\u043e\u0447\u043a\u0430<\/strong>: 50 \u00d7 70 \u0441\u043c<\/p>\r\n<\/li>\r\n \t<li data-start=\"1487\" data-end=\"1521\">\r\n<p data-start=\"1489\" data-end=\"1521\"><strong data-start=\"1489\" data-end=\"1505\">\u041f\u043e\u0434\u043e\u0434\u0435\u044f\u043b\u044c\u043d\u0438\u043a<\/strong>: 140 \u00d7 200 \u0441\u043c<\/p>\r\n<\/li>\r\n \t<li data-start=\"1522\" data-end=\"1578\">\r\n<p data-start=\"1524\" data-end=\"1578\"><strong data-start=\"1524\" data-end=\"1555\">\u041f\u0440\u043e\u0441\u0442\u044b\u043d\u044c \u043f\u043e \u043f\u0440\u043e\u0444\u0438\u043b\u044e \u043c\u0430\u0442\u0440\u0430\u0441\u0430<\/strong> \u0434\u043b\u044f \u043a\u0430\u0431\u0438\u043d\u044b \u0433\u0440\u0443\u0437\u043e\u0432\u0438\u043a\u0430<\/p>\r\n<\/li>\r\n<\/ul>\r\n<p data-start=\"1580\" data-end=\"1665\">\u041f\u0440\u043e\u0441\u0442\u044b\u043d\u044c \u043f\u043b\u043e\u0442\u043d\u043e \u043f\u0440\u0438\u043b\u0435\u0433\u0430\u0435\u0442 \u043a \u043c\u0430\u0442\u0440\u0430\u0441\u0443, \u043d\u0435 \u0441\u043c\u0435\u0449\u0430\u0435\u0442\u0441\u044f \u0432\u043e \u0432\u0440\u0435\u043c\u044f \u0441\u043d\u0430 \u0438 \u0434\u0432\u0438\u0436\u0435\u043d\u0438\u044f \u0430\u0432\u0442\u043e\u043c\u043e\u0431\u0438\u043b\u044f.<\/p>\r\n\r\n<h3 data-start=\"1667\" data-end=\"1687\">\u041c\u0430\u0442\u0435\u0440\u0438\u0430\u043b \u0438 \u0443\u0445\u043e\u0434:<\/h3>\r\n<ul data-start=\"1688\" data-end=\"1754\">\r\n \t<li data-start=\"1688\" data-end=\"1714\">\r\n<p data-start=\"1690\" data-end=\"1714\"><strong data-start=\"1690\" data-end=\"1699\">\u0422\u043a\u0430\u043d\u044c<\/strong>: 100% \u0445\u043b\u043e\u043f\u043e\u043a<\/p>\r\n<\/li>\r\n \t<li data-start=\"1715\" data-end=\"1754\">\r\n<p data-start=\"1717\" data-end=\"1754\"><strong data-start=\"1717\" data-end=\"1743\">\u0420\u0435\u043a\u043e\u043c\u0435\u043d\u0434\u043e\u0432\u0430\u043d\u043d\u0430\u044f \u0441\u0442\u0438\u0440\u043a\u0430<\/strong>: \u0434\u043e 40\u00b0C<\/p>\r\n<\/li>\r\n<\/ul>\r\n<p data-start=\"1756\" data-end=\"1889\">\u041a\u043e\u043c\u043f\u043b\u0435\u043a\u0442 \u043f\u043e\u0441\u0442\u0435\u043b\u044c\u043d\u043e\u0433\u043e \u0431\u0435\u043b\u044c\u044f \u2014 \u043f\u0440\u0430\u043a\u0442\u0438\u0447\u043d\u043e\u0435 \u0438 \u0443\u0434\u043e\u0431\u043d\u043e\u0435 \u0440\u0435\u0448\u0435\u043d\u0438\u0435 \u0434\u043b\u044f \u043f\u0440\u043e\u0444\u0435\u0441\u0441\u0438\u043e\u043d\u0430\u043b\u044c\u043d\u044b\u0445 \u0432\u043e\u0434\u0438\u0442\u0435\u043b\u0435\u0439, \u0446\u0435\u043d\u044f\u0449\u0438\u0445 \u043a\u043e\u043c\u0444\u043e\u0440\u0442 \u0438 \u043a\u0430\u0447\u0435\u0441\u0442\u0432\u043e \u043e\u0442\u0434\u044b\u0445\u0430 \u0432 \u0434\u043e\u0440\u043e\u0433\u0435.<\/p>[:]","raw_meta":{"woo_inpost_parcel_dimensions":"medium"}},"_links":{"self":[{"href":"https:\/\/danlexway.com\/ru\/wp-json\/wp\/v2\/product\/622","targetHints":{"allow":["GET"]}}],"collection":[{"href":"https:\/\/danlexway.com\/ru\/wp-json\/wp\/v2\/product"}],"about":[{"href":"https:\/\/danlexway.com\/ru\/wp-json\/wp\/v2\/types\/product"}],"replies":[{"embeddable":true,"href":"https:\/\/danlexway.com\/ru\/wp-json\/wp\/v2\/comments?post=622"}],"wp:featuredmedia":[{"embeddable":true,"href":"https:\/\/danlexway.com\/ru\/wp-json\/wp\/v2\/media\/618"}],"wp:attachment":[{"href":"https:\/\/danlexway.com\/ru\/wp-json\/wp\/v2\/media?parent=622"}],"wp:term":[{"taxonomy":"product_brand","embeddable":true,"href":"https:\/\/danlexway.com\/ru\/wp-json\/wp\/v2\/product_brand?post=622"},{"taxonomy":"product_cat","embeddable":true,"href":"https:\/\/danlexway.com\/ru\/wp-json\/wp\/v2\/product_cat?post=622"},{"taxonomy":"product_tag","embeddable":true,"href":"https:\/\/danlexway.com\/ru\/wp-json\/wp\/v2\/product_tag?post=622"}],"curies":[{"name":"wp","href":"https:\/\/api.w.org\/{rel}","templated":true}]}}