{"id":484,"date":"2025-12-17T22:44:32","date_gmt":"2025-12-17T21:44:32","guid":{"rendered":"https:\/\/danlexway.com\/?post_type=product&#038;p=484"},"modified":"2026-03-27T11:35:41","modified_gmt":"2026-03-27T10:35:41","slug":"etui-do-samsung-galaxy-tab-a11-87-2025-sm-x130-sm-x135","status":"publish","type":"product","link":"https:\/\/danlexway.com\/ru\/produkt\/etui-do-samsung-galaxy-tab-a11-87-2025-sm-x130-sm-x135\/","title":{"rendered":"\u0427\u0435\u0445\u043e\u043b \u043a Samsung Galaxy Tab A11 8,7 2025 (SM-X130 \/ SM-X135)"},"content":{"rendered":"<p><\/p>\n<p data-start=\"1080\" data-end=\"1222\">\u0427\u0435\u0445\u043e\u043b \u0434\u043b\u044f \u043f\u043b\u0430\u043d\u0448\u0435\u0442\u0430 \u0438\u0437\u0433\u043e\u0442\u043e\u0432\u043b\u0435\u043d \u0438\u0437 \u0432\u044b\u0441\u043e\u043a\u043e\u043a\u0430\u0447\u0435\u0441\u0442\u0432\u0435\u043d\u043d\u043e\u0433\u043e \u044d\u043b\u0430\u0441\u0442\u0438\u0447\u043d\u043e\u0433\u043e TPU, \u043a\u043e\u0442\u043e\u0440\u044b\u0439 \u044d\u0444\u0444\u0435\u043a\u0442\u0438\u0432\u043d\u043e \u0437\u0430\u0449\u0438\u0449\u0430\u0435\u0442 \u0443\u0441\u0442\u0440\u043e\u0439\u0441\u0442\u0432\u043e \u043e\u0442 \u0446\u0430\u0440\u0430\u043f\u0438\u043d, \u0443\u0434\u0430\u0440\u043e\u0432 \u0438 \u0437\u0430\u0433\u0440\u044f\u0437\u043d\u0435\u043d\u0438\u0439.<\/p>\n<p data-start=\"1224\" data-end=\"1399\">\u041f\u0440\u043e\u0437\u0440\u0430\u0447\u043d\u0430\u044f \u043a\u043e\u043d\u0441\u0442\u0440\u0443\u043a\u0446\u0438\u044f \u043f\u043e\u0437\u0432\u043e\u043b\u044f\u0435\u0442 \u0441\u043e\u0445\u0440\u0430\u043d\u0438\u0442\u044c \u043e\u0440\u0438\u0433\u0438\u043d\u0430\u043b\u044c\u043d\u044b\u0439 \u0432\u043d\u0435\u0448\u043d\u0438\u0439 \u0432\u0438\u0434 \u043f\u043b\u0430\u043d\u0448\u0435\u0442\u0430. \u0422\u043e\u043d\u043a\u0438\u0439 \u0438 \u043b\u0451\u0433\u043a\u0438\u0439 \u0434\u0438\u0437\u0430\u0439\u043d \u043d\u0435 \u0443\u0432\u0435\u043b\u0438\u0447\u0438\u0432\u0430\u0435\u0442 \u0433\u0430\u0431\u0430\u0440\u0438\u0442\u044b \u0443\u0441\u0442\u0440\u043e\u0439\u0441\u0442\u0432\u0430 \u0438 \u0443\u0434\u043e\u0431\u0435\u043d \u0434\u043b\u044f \u0435\u0436\u0435\u0434\u043d\u0435\u0432\u043d\u043e\u0433\u043e \u0438\u0441\u043f\u043e\u043b\u044c\u0437\u043e\u0432\u0430\u043d\u0438\u044f.<\/p>\n<p data-start=\"1401\" data-end=\"1501\">\u0427\u0435\u0445\u043e\u043b \u0442\u043e\u0447\u043d\u043e \u043f\u043e\u0434\u043e\u0433\u043d\u0430\u043d \u043f\u043e\u0434 \u043c\u043e\u0434\u0435\u043b\u044c \u043f\u043b\u0430\u043d\u0448\u0435\u0442\u0430 \u0438 \u0438\u043c\u0435\u0435\u0442 \u0432\u0441\u0435 \u043d\u0435\u043e\u0431\u0445\u043e\u0434\u0438\u043c\u044b\u0435 \u0432\u044b\u0440\u0435\u0437\u044b \u0434\u043b\u044f \u043f\u043e\u0440\u0442\u043e\u0432, \u043a\u043d\u043e\u043f\u043e\u043a \u0438 \u043a\u0430\u043c\u0435\u0440\u044b.<\/p>\n<h3 data-start=\"1503\" data-end=\"1519\">\u041e\u0441\u043e\u0431\u0435\u043d\u043d\u043e\u0441\u0442\u0438:<\/h3>\n<ul data-start=\"1520\" data-end=\"1723\">\n<li data-start=\"1520\" data-end=\"1557\">\n<p data-start=\"1522\" data-end=\"1557\">\u0432\u044b\u0441\u043e\u043a\u043e\u043a\u0430\u0447\u0435\u0441\u0442\u0432\u0435\u043d\u043d\u044b\u0439 \u044d\u043b\u0430\u0441\u0442\u0438\u0447\u043d\u044b\u0439 TPU<\/p>\n<\/li>\n<li data-start=\"1558\" data-end=\"1586\">\n<p data-start=\"1560\" data-end=\"1586\">\u043f\u0440\u043e\u0437\u0440\u0430\u0447\u043d\u044b\u0439, \u0442\u043e\u043d\u043a\u0438\u0439 \u0447\u0435\u0445\u043e\u043b<\/p>\n<\/li>\n<li data-start=\"1587\" data-end=\"1619\">\n<p data-start=\"1589\" data-end=\"1619\">\u0438\u0434\u0435\u0430\u043b\u044c\u043d\u0430\u044f \u043f\u043e\u0441\u0430\u0434\u043a\u0430 \u043d\u0430 \u043f\u043b\u0430\u043d\u0448\u0435\u0442<\/p>\n<\/li>\n<li data-start=\"1620\" data-end=\"1656\">\n<p data-start=\"1622\" data-end=\"1656\">\u0442\u043e\u0447\u043d\u044b\u0435 \u0432\u044b\u0440\u0435\u0437\u044b \u043f\u043e\u0434 \u043f\u043e\u0440\u0442\u044b \u0438 \u043a\u043d\u043e\u043f\u043a\u0438<\/p>\n<\/li>\n<li data-start=\"1657\" data-end=\"1699\">\n<p data-start=\"1659\" data-end=\"1699\">\u0443\u0441\u0438\u043b\u0435\u043d\u043d\u044b\u0435 \u0443\u0433\u043b\u044b \u0434\u043b\u044f \u0437\u0430\u0449\u0438\u0442\u044b \u043f\u0440\u0438 \u043f\u0430\u0434\u0435\u043d\u0438\u044f\u0445<\/p>\n<\/li>\n<li data-start=\"1700\" data-end=\"1723\">\n<p data-start=\"1702\" data-end=\"1723\">\u0443\u0434\u043e\u0431\u043d\u043e \u043b\u0435\u0436\u0438\u0442 \u0432 \u0440\u0443\u043a\u0435<\/p>\n<\/li>\n<\/ul>\n<h3 data-start=\"1725\" data-end=\"1743\">\u0421\u043e\u0432\u043c\u0435\u0441\u0442\u0438\u043c\u043e\u0441\u0442\u044c:<\/h3>\n<ul data-start=\"1744\" data-end=\"1805\">\n<li data-start=\"1744\" data-end=\"1782\">\n<p data-start=\"1746\" data-end=\"1782\">Samsung Galaxy Tab A11 8,7&#8243; (2025)<\/p>\n<\/li>\n<li data-start=\"1783\" data-end=\"1805\">\n<p data-start=\"1785\" data-end=\"1805\">\u043c\u043e\u0434\u0435\u043b\u0438: X135, X130<\/p>\n<\/li>\n<\/ul>\n<p><\/p>","protected":false},"excerpt":{"rendered":"<p>\u0421\u0438\u043b\u0438\u043a\u043e\u043d\u043e\u0432\u044b\u0439 \u043f\u0440\u043e\u0437\u0440\u0430\u0447\u043d\u044b\u0439 \u0447\u0435\u0445\u043e\u043b TPU \u0434\u043b\u044f Samsung Galaxy Tab A11 8,7&#8243;.<br data-start=\"65\" data-end=\"68\" \/>\u0422\u043e\u043d\u043a\u0438\u0439, \u044d\u043b\u0430\u0441\u0442\u0438\u0447\u043d\u044b\u0439, \u0438\u0434\u0435\u0430\u043b\u044c\u043d\u043e \u043f\u0440\u0438\u043b\u0435\u0433\u0430\u044e\u0449\u0438\u0439, \u0441 \u0443\u0441\u0438\u043b\u0435\u043d\u043d\u044b\u043c\u0438 \u0443\u0433\u043b\u0430\u043c\u0438 \u0438 \u043f\u043e\u043b\u043d\u044b\u043c \u043d\u0430\u0431\u043e\u0440\u043e\u043c \u0432\u044b\u0440\u0435\u0437\u043e\u0432.<br data-start=\"155\" data-end=\"158\" \/>\u0421\u043e\u0432\u043c\u0435\u0441\u0442\u0438\u043c \u0441 \u043c\u043e\u0434\u0435\u043b\u044f\u043c\u0438 X135 \/ X130.<\/p>\n","protected":false},"featured_media":1426,"comment_status":"open","ping_status":"closed","template":"","meta":{"_acf_changed":false,"inline_featured_image":false},"product_brand":[],"product_cat":[38,17,21],"product_tag":[],"class_list":{"0":"post-484","1":"product","2":"type-product","3":"status-publish","4":"has-post-thumbnail","6":"product_cat-tablety","7":"product_cat-tablety-z-nawigacja","8":"product_cat-akcesoria-dla-kierowcow","10":"first","11":"instock","12":"shipping-taxable","13":"purchasable","14":"product-type-simple"},"acf":[],"aioseo_notices":[],"qtranslate_raw":{"raw_title":"[:pl]Etui do Samsung Galaxy Tab A11 8,7\" (2025) (SM-X130 \/ SM-X135)[:ru]\u0427\u0435\u0445\u043e\u043b \u043a Samsung Galaxy Tab A11 8,7 2025 (SM-X130 \/ SM-X135)[:]","raw_content":"[:pl]<p data-start=\"79\" data-end=\"233\">Etui do tabletu wykonane jest z wysokiej jako\u015bci elastycznego TPU, kt\u00f3re skutecznie chroni urz\u0105dzenie przed zarysowaniami, uderzeniami oraz zabrudzeniami.<\/p>\r\n<p data-start=\"235\" data-end=\"404\">Przezroczysta konstrukcja pozwala zachowa\u0107 oryginalny wygl\u0105d tabletu. Cienki i lekki design nie zwi\u0119ksza gabaryt\u00f3w urz\u0105dzenia i zapewnia komfort codziennego u\u017cytkowania.<\/p>\r\n<p data-start=\"406\" data-end=\"525\">Etui jest idealnie dopasowane do modelu tabletu i posiada wszystkie niezb\u0119dne wyci\u0119cia na porty, przyciski oraz aparat.<\/p>\r\n<p data-start=\"527\" data-end=\"546\"><strong data-start=\"527\" data-end=\"546\">Cechy produktu:<\/strong><\/p>\r\n\r\n<ul data-start=\"547\" data-end=\"764\">\r\n \t<li data-start=\"547\" data-end=\"582\">\r\n<p data-start=\"549\" data-end=\"582\">wysokiej jako\u015bci elastyczny TPU<\/p>\r\n<\/li>\r\n \t<li data-start=\"583\" data-end=\"614\">\r\n<p data-start=\"585\" data-end=\"614\">przezroczyste, cienkie etui<\/p>\r\n<\/li>\r\n \t<li data-start=\"615\" data-end=\"649\">\r\n<p data-start=\"617\" data-end=\"649\">idealne dopasowanie do tabletu<\/p>\r\n<\/li>\r\n \t<li data-start=\"650\" data-end=\"694\">\r\n<p data-start=\"652\" data-end=\"694\">precyzyjne wyci\u0119cia na porty i przyciski<\/p>\r\n<\/li>\r\n \t<li data-start=\"695\" data-end=\"738\">\r\n<p data-start=\"697\" data-end=\"738\">wzmocnione rogi chroni\u0105ce przy upadkach<\/p>\r\n<\/li>\r\n \t<li data-start=\"739\" data-end=\"764\">\r\n<p data-start=\"741\" data-end=\"764\">wygodnie le\u017cy w d\u0142oni<\/p>\r\n<\/li>\r\n<\/ul>\r\n<p data-start=\"766\" data-end=\"785\"><strong data-start=\"766\" data-end=\"785\">Kompatybilno\u015b\u0107:<\/strong><\/p>\r\n\r\n<ul data-start=\"786\" data-end=\"853\">\r\n \t<li data-start=\"786\" data-end=\"824\">\r\n<p data-start=\"788\" data-end=\"824\">Samsung Galaxy Tab A11 8,7\" (2025)<\/p>\r\n<\/li>\r\n \t<li data-start=\"825\" data-end=\"853\">\r\n<p data-start=\"827\" data-end=\"853\">modele: SM-X130, SM-X135<\/p>\r\n<\/li>\r\n<\/ul>[:ru]<p data-start=\"1080\" data-end=\"1222\">\u0427\u0435\u0445\u043e\u043b \u0434\u043b\u044f \u043f\u043b\u0430\u043d\u0448\u0435\u0442\u0430 \u0438\u0437\u0433\u043e\u0442\u043e\u0432\u043b\u0435\u043d \u0438\u0437 \u0432\u044b\u0441\u043e\u043a\u043e\u043a\u0430\u0447\u0435\u0441\u0442\u0432\u0435\u043d\u043d\u043e\u0433\u043e \u044d\u043b\u0430\u0441\u0442\u0438\u0447\u043d\u043e\u0433\u043e TPU, \u043a\u043e\u0442\u043e\u0440\u044b\u0439 \u044d\u0444\u0444\u0435\u043a\u0442\u0438\u0432\u043d\u043e \u0437\u0430\u0449\u0438\u0449\u0430\u0435\u0442 \u0443\u0441\u0442\u0440\u043e\u0439\u0441\u0442\u0432\u043e \u043e\u0442 \u0446\u0430\u0440\u0430\u043f\u0438\u043d, \u0443\u0434\u0430\u0440\u043e\u0432 \u0438 \u0437\u0430\u0433\u0440\u044f\u0437\u043d\u0435\u043d\u0438\u0439.<\/p>\r\n<p data-start=\"1224\" data-end=\"1399\">\u041f\u0440\u043e\u0437\u0440\u0430\u0447\u043d\u0430\u044f \u043a\u043e\u043d\u0441\u0442\u0440\u0443\u043a\u0446\u0438\u044f \u043f\u043e\u0437\u0432\u043e\u043b\u044f\u0435\u0442 \u0441\u043e\u0445\u0440\u0430\u043d\u0438\u0442\u044c \u043e\u0440\u0438\u0433\u0438\u043d\u0430\u043b\u044c\u043d\u044b\u0439 \u0432\u043d\u0435\u0448\u043d\u0438\u0439 \u0432\u0438\u0434 \u043f\u043b\u0430\u043d\u0448\u0435\u0442\u0430. \u0422\u043e\u043d\u043a\u0438\u0439 \u0438 \u043b\u0451\u0433\u043a\u0438\u0439 \u0434\u0438\u0437\u0430\u0439\u043d \u043d\u0435 \u0443\u0432\u0435\u043b\u0438\u0447\u0438\u0432\u0430\u0435\u0442 \u0433\u0430\u0431\u0430\u0440\u0438\u0442\u044b \u0443\u0441\u0442\u0440\u043e\u0439\u0441\u0442\u0432\u0430 \u0438 \u0443\u0434\u043e\u0431\u0435\u043d \u0434\u043b\u044f \u0435\u0436\u0435\u0434\u043d\u0435\u0432\u043d\u043e\u0433\u043e \u0438\u0441\u043f\u043e\u043b\u044c\u0437\u043e\u0432\u0430\u043d\u0438\u044f.<\/p>\r\n<p data-start=\"1401\" data-end=\"1501\">\u0427\u0435\u0445\u043e\u043b \u0442\u043e\u0447\u043d\u043e \u043f\u043e\u0434\u043e\u0433\u043d\u0430\u043d \u043f\u043e\u0434 \u043c\u043e\u0434\u0435\u043b\u044c \u043f\u043b\u0430\u043d\u0448\u0435\u0442\u0430 \u0438 \u0438\u043c\u0435\u0435\u0442 \u0432\u0441\u0435 \u043d\u0435\u043e\u0431\u0445\u043e\u0434\u0438\u043c\u044b\u0435 \u0432\u044b\u0440\u0435\u0437\u044b \u0434\u043b\u044f \u043f\u043e\u0440\u0442\u043e\u0432, \u043a\u043d\u043e\u043f\u043e\u043a \u0438 \u043a\u0430\u043c\u0435\u0440\u044b.<\/p>\r\n\r\n<h3 data-start=\"1503\" data-end=\"1519\">\u041e\u0441\u043e\u0431\u0435\u043d\u043d\u043e\u0441\u0442\u0438:<\/h3>\r\n<ul data-start=\"1520\" data-end=\"1723\">\r\n \t<li data-start=\"1520\" data-end=\"1557\">\r\n<p data-start=\"1522\" data-end=\"1557\">\u0432\u044b\u0441\u043e\u043a\u043e\u043a\u0430\u0447\u0435\u0441\u0442\u0432\u0435\u043d\u043d\u044b\u0439 \u044d\u043b\u0430\u0441\u0442\u0438\u0447\u043d\u044b\u0439 TPU<\/p>\r\n<\/li>\r\n \t<li data-start=\"1558\" data-end=\"1586\">\r\n<p data-start=\"1560\" data-end=\"1586\">\u043f\u0440\u043e\u0437\u0440\u0430\u0447\u043d\u044b\u0439, \u0442\u043e\u043d\u043a\u0438\u0439 \u0447\u0435\u0445\u043e\u043b<\/p>\r\n<\/li>\r\n \t<li data-start=\"1587\" data-end=\"1619\">\r\n<p data-start=\"1589\" data-end=\"1619\">\u0438\u0434\u0435\u0430\u043b\u044c\u043d\u0430\u044f \u043f\u043e\u0441\u0430\u0434\u043a\u0430 \u043d\u0430 \u043f\u043b\u0430\u043d\u0448\u0435\u0442<\/p>\r\n<\/li>\r\n \t<li data-start=\"1620\" data-end=\"1656\">\r\n<p data-start=\"1622\" data-end=\"1656\">\u0442\u043e\u0447\u043d\u044b\u0435 \u0432\u044b\u0440\u0435\u0437\u044b \u043f\u043e\u0434 \u043f\u043e\u0440\u0442\u044b \u0438 \u043a\u043d\u043e\u043f\u043a\u0438<\/p>\r\n<\/li>\r\n \t<li data-start=\"1657\" data-end=\"1699\">\r\n<p data-start=\"1659\" data-end=\"1699\">\u0443\u0441\u0438\u043b\u0435\u043d\u043d\u044b\u0435 \u0443\u0433\u043b\u044b \u0434\u043b\u044f \u0437\u0430\u0449\u0438\u0442\u044b \u043f\u0440\u0438 \u043f\u0430\u0434\u0435\u043d\u0438\u044f\u0445<\/p>\r\n<\/li>\r\n \t<li data-start=\"1700\" data-end=\"1723\">\r\n<p data-start=\"1702\" data-end=\"1723\">\u0443\u0434\u043e\u0431\u043d\u043e \u043b\u0435\u0436\u0438\u0442 \u0432 \u0440\u0443\u043a\u0435<\/p>\r\n<\/li>\r\n<\/ul>\r\n<h3 data-start=\"1725\" data-end=\"1743\">\u0421\u043e\u0432\u043c\u0435\u0441\u0442\u0438\u043c\u043e\u0441\u0442\u044c:<\/h3>\r\n<ul data-start=\"1744\" data-end=\"1805\">\r\n \t<li data-start=\"1744\" data-end=\"1782\">\r\n<p data-start=\"1746\" data-end=\"1782\">Samsung Galaxy Tab A11 8,7\" (2025)<\/p>\r\n<\/li>\r\n \t<li data-start=\"1783\" data-end=\"1805\">\r\n<p data-start=\"1785\" data-end=\"1805\">\u043c\u043e\u0434\u0435\u043b\u0438: X135, X130<\/p>\r\n<\/li>\r\n<\/ul>[:]","raw_meta":{"woo_inpost_parcel_dimensions":"small"}},"_links":{"self":[{"href":"https:\/\/danlexway.com\/ru\/wp-json\/wp\/v2\/product\/484","targetHints":{"allow":["GET"]}}],"collection":[{"href":"https:\/\/danlexway.com\/ru\/wp-json\/wp\/v2\/product"}],"about":[{"href":"https:\/\/danlexway.com\/ru\/wp-json\/wp\/v2\/types\/product"}],"replies":[{"embeddable":true,"href":"https:\/\/danlexway.com\/ru\/wp-json\/wp\/v2\/comments?post=484"}],"wp:featuredmedia":[{"embeddable":true,"href":"https:\/\/danlexway.com\/ru\/wp-json\/wp\/v2\/media\/1426"}],"wp:attachment":[{"href":"https:\/\/danlexway.com\/ru\/wp-json\/wp\/v2\/media?parent=484"}],"wp:term":[{"taxonomy":"product_brand","embeddable":true,"href":"https:\/\/danlexway.com\/ru\/wp-json\/wp\/v2\/product_brand?post=484"},{"taxonomy":"product_cat","embeddable":true,"href":"https:\/\/danlexway.com\/ru\/wp-json\/wp\/v2\/product_cat?post=484"},{"taxonomy":"product_tag","embeddable":true,"href":"https:\/\/danlexway.com\/ru\/wp-json\/wp\/v2\/product_tag?post=484"}],"curies":[{"name":"wp","href":"https:\/\/api.w.org\/{rel}","templated":true}]}}