{"id":294,"date":"2025-12-01T20:40:16","date_gmt":"2025-12-01T19:40:16","guid":{"rendered":"https:\/\/danlexway.com\/?post_type=product&#038;p=294"},"modified":"2026-03-27T11:36:00","modified_gmt":"2026-03-27T10:36:00","slug":"superladowarka-toocki-gan-67w","status":"publish","type":"product","link":"https:\/\/danlexway.com\/ru\/produkt\/superladowarka-toocki-gan-67w\/","title":{"rendered":"Super\u0142adowarka Toocki GaN 67W z wysuwanym kablem USB-C 65 cm"},"content":{"rendered":"<h3 data-start=\"0\" data-end=\"56\">\ud83d\udd0c \u0141adowarka GaN Toocki 67W z wysuwanym kablem USB-C<\/h3>\n<p data-start=\"58\" data-end=\"301\"><strong data-start=\"58\" data-end=\"114\">Nowoczesna, kompaktowa i niezwykle wygodna \u0142adowarka<\/strong>, zaprojektowana z my\u015bl\u0105 o porz\u0105dku na biurku oraz mobilno\u015bci w podr\u00f3\u017cy. Dzi\u0119ki technologii <strong data-start=\"206\" data-end=\"213\">GaN<\/strong> oferuje wysok\u0105 moc przy niewielkich rozmiarach i doskona\u0142ej efektywno\u015bci energetycznej.<\/p>\n<h4 data-start=\"308\" data-end=\"334\"><\/h4>\n<ul data-start=\"335\" data-end=\"1063\">\n<li data-start=\"335\" data-end=\"524\">\n<p data-start=\"337\" data-end=\"524\"><strong data-start=\"337\" data-end=\"369\">Wysuwany kabel USB-C (65 cm)<\/strong><br data-start=\"369\" data-end=\"372\" \/>Chowany kabel TYPE-C z p\u0142ynn\u0105, stopniowan\u0105 regulacj\u0105 d\u0142ugo\u015bci pozwala idealnie dopasowa\u0107 go do potrzeb. Koniec z pl\u0105tanin\u0105 kabli na biurku i w torbie.<\/p>\n<\/li>\n<li data-start=\"526\" data-end=\"637\">\n<p data-start=\"528\" data-end=\"637\"><strong data-start=\"528\" data-end=\"549\">Moc do 67W (Max.)<\/strong><br data-start=\"549\" data-end=\"552\" \/>Jedna \u0142adowarka do wielu urz\u0105dze\u0144 \u2013 smartfon\u00f3w, tablet\u00f3w i innych urz\u0105dze\u0144 z USB-C.<\/p>\n<\/li>\n<li data-start=\"639\" data-end=\"775\">\n<p data-start=\"641\" data-end=\"775\"><strong data-start=\"641\" data-end=\"672\">35W Super szybkie \u0142adowanie<\/strong><br data-start=\"672\" data-end=\"675\" \/>Obs\u0142uguje szybkie \u0142adowanie m.in. <strong data-start=\"711\" data-end=\"733\">iPhone serii 16\/15<\/strong> oraz nowoczesnych smartfon\u00f3w z Androidem.<\/p>\n<\/li>\n<li data-start=\"777\" data-end=\"930\">\n<p data-start=\"779\" data-end=\"930\"><strong data-start=\"779\" data-end=\"805\">Bezpieczne u\u017cytkowanie<\/strong><br data-start=\"805\" data-end=\"808\" \/>Wbudowane systemy ochrony zapewniaj\u0105 bezpiecze\u0144stwo \u0142adowania (ochrona przed przegrzaniem, przeci\u0105\u017ceniem i przepi\u0119ciem).<\/p>\n<\/li>\n<li data-start=\"932\" data-end=\"1063\">\n<p data-start=\"934\" data-end=\"1063\"><strong data-start=\"934\" data-end=\"966\">Idealna do biura i w podr\u00f3\u017cy<\/strong><br data-start=\"966\" data-end=\"969\" \/>Minimalistyczny design, kompaktowe wymiary i brak konieczno\u015bci zabierania dodatkowego kabla.<\/p>\n<\/li>\n<\/ul>\n<hr data-start=\"1065\" data-end=\"1068\" \/>\n<h4 data-start=\"1070\" data-end=\"1101\">\ud83d\udccb Specyfikacja techniczna<\/h4>\n<ul data-start=\"1102\" data-end=\"1360\">\n<li data-start=\"1102\" data-end=\"1123\">\n<p data-start=\"1104\" data-end=\"1123\"><strong data-start=\"1104\" data-end=\"1114\">Marka:<\/strong> Toocki<\/p>\n<\/li>\n<li data-start=\"1124\" data-end=\"1171\">\n<p data-start=\"1126\" data-end=\"1171\"><strong data-start=\"1126\" data-end=\"1136\">Nazwa:<\/strong> \u0141adowarka GaN z wysuwanym kablem<\/p>\n<\/li>\n<li data-start=\"1172\" data-end=\"1197\">\n<p data-start=\"1174\" data-end=\"1197\"><strong data-start=\"1174\" data-end=\"1184\">Model:<\/strong> TCT67-34B1<\/p>\n<\/li>\n<li data-start=\"1198\" data-end=\"1218\">\n<p data-start=\"1200\" data-end=\"1218\"><strong data-start=\"1200\" data-end=\"1213\">Materia\u0142:<\/strong> PC<\/p>\n<\/li>\n<li data-start=\"1219\" data-end=\"1260\">\n<p data-start=\"1221\" data-end=\"1260\"><strong data-start=\"1221\" data-end=\"1233\">Wej\u015bcie:<\/strong> 100\u2013240V ~ 50\/60Hz, 1.5A<\/p>\n<\/li>\n<li data-start=\"1261\" data-end=\"1305\">\n<p data-start=\"1263\" data-end=\"1305\"><strong data-start=\"1263\" data-end=\"1291\">Ca\u0142kowita moc wyj\u015bciowa:<\/strong> 67W (maks.)<\/p>\n<\/li>\n<li data-start=\"1306\" data-end=\"1340\">\n<p data-start=\"1308\" data-end=\"1340\"><strong data-start=\"1308\" data-end=\"1332\">D\u0142ugo\u015b\u0107 kabla USB-C:<\/strong> 65 cm<\/p>\n<\/li>\n<li data-start=\"1341\" data-end=\"1360\">\n<p data-start=\"1343\" data-end=\"1360\"><strong data-start=\"1343\" data-end=\"1352\">Waga:<\/strong> 155 g<\/p>\n<\/li>\n<\/ul>\n<hr data-start=\"1362\" data-end=\"1365\" \/>\n<p data-start=\"1367\" data-end=\"1498\" data-is-last-node=\"\" data-is-only-node=\"\">\u2705 <strong data-start=\"1369\" data-end=\"1451\">\u015awietny wyb\u00f3r dla os\u00f3b ceni\u0105cych porz\u0105dek, szybko\u015b\u0107 \u0142adowania i bezpiecze\u0144stwo<\/strong> \u2013 jedna \u0142adowarka, mniej kabli, wi\u0119cej wygody.<\/p>\n","protected":false},"excerpt":{"rendered":"<h3 data-start=\"94\" data-end=\"164\"><strong data-start=\"98\" data-end=\"164\">Idealna dla kierowc\u00f3w ci\u0119\u017car\u00f3wek i os\u00f3b, kt\u00f3re du\u017co podr\u00f3\u017cuj\u0105!<\/strong><\/h3>\n<h3 data-start=\"166\" data-end=\"230\"><strong data-start=\"170\" data-end=\"230\">3 w 1: USB-A + USB-C + wbudowany wysuwany przew\u00f3d Type-C<\/strong><\/h3>\n<p data-start=\"231\" data-end=\"312\">Do laptop\u00f3w, tablet\u00f3w i smartfon\u00f3w<br data-start=\"265\" data-end=\"268\" \/>Obs\u0142uga szybkiego \u0142adowania GaN (QC 4+ \/ PD)<\/p>\n<ul data-start=\"314\" data-end=\"455\">\n<li data-start=\"314\" data-end=\"354\">\n<p data-start=\"316\" data-end=\"354\">Inteligentny <strong data-start=\"329\" data-end=\"352\">cyfrowy wy\u015bwietlacz<\/strong><\/p>\n<\/li>\n<li data-start=\"355\" data-end=\"414\">\n<p data-start=\"357\" data-end=\"414\">Wysuwany kabel Type-C z <strong>regulacj\u0105 d\u0142ugo\u015bci do<\/strong> <strong data-start=\"403\" data-end=\"412\">80 cm<\/strong><\/p>\n<\/li>\n<li data-start=\"415\" data-end=\"455\">\n<p data-start=\"417\" data-end=\"455\">\u0141aduje jednocze\u015bnie <strong data-start=\"437\" data-end=\"455\">do 3 urz\u0105dze\u0144!<\/strong><\/p>\n<\/li>\n<\/ul>\n","protected":false},"featured_media":1355,"comment_status":"open","ping_status":"closed","template":"","meta":{"_acf_changed":false,"inline_featured_image":false},"product_brand":[],"product_cat":[19,21],"product_tag":[],"class_list":{"0":"post-294","1":"product","2":"type-product","3":"status-publish","4":"has-post-thumbnail","6":"product_cat-ladowarki-i-kable","7":"product_cat-akcesoria-dla-kierowcow","9":"first","10":"instock","11":"shipping-taxable","12":"purchasable","13":"product-type-simple"},"acf":[],"aioseo_notices":[],"qtranslate_raw":{"raw_title":"Super\u0142adowarka Toocki GaN 67W z wysuwanym kablem USB-C 65 cm","raw_content":"<h3 data-start=\"0\" data-end=\"56\">\ud83d\udd0c \u0141adowarka GaN Toocki 67W z wysuwanym kablem USB-C<\/h3>\n<p data-start=\"58\" data-end=\"301\"><strong data-start=\"58\" data-end=\"114\">Nowoczesna, kompaktowa i niezwykle wygodna \u0142adowarka<\/strong>, zaprojektowana z my\u015bl\u0105 o porz\u0105dku na biurku oraz mobilno\u015bci w podr\u00f3\u017cy. Dzi\u0119ki technologii <strong data-start=\"206\" data-end=\"213\">GaN<\/strong> oferuje wysok\u0105 moc przy niewielkich rozmiarach i doskona\u0142ej efektywno\u015bci energetycznej.<\/p>\n<h4 data-start=\"308\" data-end=\"334\"><\/h4>\n<ul data-start=\"335\" data-end=\"1063\">\n<li data-start=\"335\" data-end=\"524\">\n<p data-start=\"337\" data-end=\"524\"><strong data-start=\"337\" data-end=\"369\">Wysuwany kabel USB-C (65 cm)<\/strong><br data-start=\"369\" data-end=\"372\" \/>Chowany kabel TYPE-C z p\u0142ynn\u0105, stopniowan\u0105 regulacj\u0105 d\u0142ugo\u015bci pozwala idealnie dopasowa\u0107 go do potrzeb. Koniec z pl\u0105tanin\u0105 kabli na biurku i w torbie.<\/p>\n<\/li>\n<li data-start=\"526\" data-end=\"637\">\n<p data-start=\"528\" data-end=\"637\"><strong data-start=\"528\" data-end=\"549\">Moc do 67W (Max.)<\/strong><br data-start=\"549\" data-end=\"552\" \/>Jedna \u0142adowarka do wielu urz\u0105dze\u0144 \u2013 smartfon\u00f3w, tablet\u00f3w i innych urz\u0105dze\u0144 z USB-C.<\/p>\n<\/li>\n<li data-start=\"639\" data-end=\"775\">\n<p data-start=\"641\" data-end=\"775\"><strong data-start=\"641\" data-end=\"672\">35W Super szybkie \u0142adowanie<\/strong><br data-start=\"672\" data-end=\"675\" \/>Obs\u0142uguje szybkie \u0142adowanie m.in. <strong data-start=\"711\" data-end=\"733\">iPhone serii 16\/15<\/strong> oraz nowoczesnych smartfon\u00f3w z Androidem.<\/p>\n<\/li>\n<li data-start=\"777\" data-end=\"930\">\n<p data-start=\"779\" data-end=\"930\"><strong data-start=\"779\" data-end=\"805\">Bezpieczne u\u017cytkowanie<\/strong><br data-start=\"805\" data-end=\"808\" \/>Wbudowane systemy ochrony zapewniaj\u0105 bezpiecze\u0144stwo \u0142adowania (ochrona przed przegrzaniem, przeci\u0105\u017ceniem i przepi\u0119ciem).<\/p>\n<\/li>\n<li data-start=\"932\" data-end=\"1063\">\n<p data-start=\"934\" data-end=\"1063\"><strong data-start=\"934\" data-end=\"966\">Idealna do biura i w podr\u00f3\u017cy<\/strong><br data-start=\"966\" data-end=\"969\" \/>Minimalistyczny design, kompaktowe wymiary i brak konieczno\u015bci zabierania dodatkowego kabla.<\/p>\n<\/li>\n<\/ul>\n<hr data-start=\"1065\" data-end=\"1068\" \/>\n<h4 data-start=\"1070\" data-end=\"1101\">\ud83d\udccb Specyfikacja techniczna<\/h4>\n<ul data-start=\"1102\" data-end=\"1360\">\n<li data-start=\"1102\" data-end=\"1123\">\n<p data-start=\"1104\" data-end=\"1123\"><strong data-start=\"1104\" data-end=\"1114\">Marka:<\/strong> Toocki<\/p>\n<\/li>\n<li data-start=\"1124\" data-end=\"1171\">\n<p data-start=\"1126\" data-end=\"1171\"><strong data-start=\"1126\" data-end=\"1136\">Nazwa:<\/strong> \u0141adowarka GaN z wysuwanym kablem<\/p>\n<\/li>\n<li data-start=\"1172\" data-end=\"1197\">\n<p data-start=\"1174\" data-end=\"1197\"><strong data-start=\"1174\" data-end=\"1184\">Model:<\/strong> TCT67-34B1<\/p>\n<\/li>\n<li data-start=\"1198\" data-end=\"1218\">\n<p data-start=\"1200\" data-end=\"1218\"><strong data-start=\"1200\" data-end=\"1213\">Materia\u0142:<\/strong> PC<\/p>\n<\/li>\n<li data-start=\"1219\" data-end=\"1260\">\n<p data-start=\"1221\" data-end=\"1260\"><strong data-start=\"1221\" data-end=\"1233\">Wej\u015bcie:<\/strong> 100\u2013240V ~ 50\/60Hz, 1.5A<\/p>\n<\/li>\n<li data-start=\"1261\" data-end=\"1305\">\n<p data-start=\"1263\" data-end=\"1305\"><strong data-start=\"1263\" data-end=\"1291\">Ca\u0142kowita moc wyj\u015bciowa:<\/strong> 67W (maks.)<\/p>\n<\/li>\n<li data-start=\"1306\" data-end=\"1340\">\n<p data-start=\"1308\" data-end=\"1340\"><strong data-start=\"1308\" data-end=\"1332\">D\u0142ugo\u015b\u0107 kabla USB-C:<\/strong> 65 cm<\/p>\n<\/li>\n<li data-start=\"1341\" data-end=\"1360\">\n<p data-start=\"1343\" data-end=\"1360\"><strong data-start=\"1343\" data-end=\"1352\">Waga:<\/strong> 155 g<\/p>\n<\/li>\n<\/ul>\n<hr data-start=\"1362\" data-end=\"1365\" \/>\n<p data-start=\"1367\" data-end=\"1498\" data-is-last-node=\"\" data-is-only-node=\"\">\u2705 <strong data-start=\"1369\" data-end=\"1451\">\u015awietny wyb\u00f3r dla os\u00f3b ceni\u0105cych porz\u0105dek, szybko\u015b\u0107 \u0142adowania i bezpiecze\u0144stwo<\/strong> \u2013 jedna \u0142adowarka, mniej kabli, wi\u0119cej wygody.<\/p>\n","raw_meta":{"total_sales":"1","woo_inpost_parcel_dimensions":"small"}},"_links":{"self":[{"href":"https:\/\/danlexway.com\/ru\/wp-json\/wp\/v2\/product\/294","targetHints":{"allow":["GET"]}}],"collection":[{"href":"https:\/\/danlexway.com\/ru\/wp-json\/wp\/v2\/product"}],"about":[{"href":"https:\/\/danlexway.com\/ru\/wp-json\/wp\/v2\/types\/product"}],"replies":[{"embeddable":true,"href":"https:\/\/danlexway.com\/ru\/wp-json\/wp\/v2\/comments?post=294"}],"wp:featuredmedia":[{"embeddable":true,"href":"https:\/\/danlexway.com\/ru\/wp-json\/wp\/v2\/media\/1355"}],"wp:attachment":[{"href":"https:\/\/danlexway.com\/ru\/wp-json\/wp\/v2\/media?parent=294"}],"wp:term":[{"taxonomy":"product_brand","embeddable":true,"href":"https:\/\/danlexway.com\/ru\/wp-json\/wp\/v2\/product_brand?post=294"},{"taxonomy":"product_cat","embeddable":true,"href":"https:\/\/danlexway.com\/ru\/wp-json\/wp\/v2\/product_cat?post=294"},{"taxonomy":"product_tag","embeddable":true,"href":"https:\/\/danlexway.com\/ru\/wp-json\/wp\/v2\/product_tag?post=294"}],"curies":[{"name":"wp","href":"https:\/\/api.w.org\/{rel}","templated":true}]}}