{"id":251,"date":"2025-11-29T00:04:12","date_gmt":"2025-11-28T23:04:12","guid":{"rendered":"https:\/\/danlexway.com\/?post_type=product&#038;p=251"},"modified":"2026-04-16T19:07:16","modified_gmt":"2026-04-16T17:07:16","slug":"skladnoj-magnitnyj-derzhatel-dlya-telefona","status":"publish","type":"product","link":"https:\/\/danlexway.com\/ru\/produkt\/skladnoj-magnitnyj-derzhatel-dlya-telefona\/","title":{"rendered":"\u041c\u0430\u0433\u043d\u0438\u0442\u043d\u044b\u0439 \u0434\u0435\u0440\u0436\u0430\u0442\u0435\u043b\u044c X53"},"content":{"rendered":"<p><\/p>\n<h3>\u041e\u0441\u043d\u043e\u0432\u043d\u044b\u0435 \u0445\u0430\u0440\u0430\u043a\u0442\u0435\u0440\u0438\u0441\u0442\u0438\u043a\u0438<\/h3>\n<ul>\n<li><strong>\u0422\u0438\u043f \u043a\u0440\u0435\u043f\u043b\u0435\u043d\u0438\u044f:<\/strong> \u043c\u0430\u0433\u043d\u0438\u0442\u043d\u044b\u0439, \u0441\u043a\u043b\u0430\u0434\u043d\u043e\u0439, \u0432\u0430\u043a\u0443\u0443\u043c\u043d\u0430\u044f \u043f\u0440\u0438\u0441\u043e\u0441\u043a\u0430<\/li>\n<li><strong>\u041c\u0430\u0442\u0435\u0440\u0438\u0430\u043b:<\/strong> \u0430\u043b\u044e\u043c\u0438\u043d\u0438\u0435\u0432\u044b\u0439 \u0441\u043f\u043b\u0430\u0432 (\u0443\u0441\u0442\u043e\u0439\u0447\u0438\u0432\u044b\u0439 \u043a \u0438\u0437\u043d\u043e\u0441\u0443)<\/li>\n<li><strong>\u0424\u0443\u043d\u043a\u0446\u0438\u0438:<\/strong> \u0432\u0440\u0430\u0449\u0435\u043d\u0438\u0435 \u043d\u0430 360\u00b0, \u0440\u0435\u0433\u0443\u043b\u0438\u0440\u043e\u0432\u043a\u0430 \u0443\u0433\u043b\u0430 \u043d\u0430\u043a\u043b\u043e\u043d\u0430, \u0441\u043a\u043b\u0430\u0434\u043d\u0430\u044f \u043a\u043e\u043d\u0441\u0442\u0440\u0443\u043a\u0446\u0438\u044f<\/li>\n<li><strong>\u0421\u043e\u0432\u043c\u0435\u0441\u0442\u0438\u043c\u043e\u0441\u0442\u044c:<\/strong> \u0443\u043d\u0438\u0432\u0435\u0440\u0441\u0430\u043b\u044c\u043d\u0430\u044f \u2014 \u043f\u043e\u0434\u0445\u043e\u0434\u0438\u0442 \u0434\u043b\u044f \u0431\u043e\u043b\u044c\u0448\u0438\u043d\u0441\u0442\u0432\u0430 \u0441\u043c\u0430\u0440\u0442\u0444\u043e\u043d\u043e\u0432 (4\u20138&#8243;)<\/li>\n<li><strong>\u041e\u0441\u043e\u0431\u0435\u043d\u043d\u043e\u0441\u0442\u0438:<\/strong> \u043f\u0440\u043e\u0442\u0438\u0432\u043e\u0441\u043a\u043e\u043b\u044c\u0437\u044f\u0449\u0430\u044f \u043f\u043e\u0432\u0435\u0440\u0445\u043d\u043e\u0441\u0442\u044c, \u043f\u0440\u043e\u0447\u043d\u043e\u0435 \u0443\u0434\u0435\u0440\u0436\u0430\u043d\u0438\u0435, \u0441\u0442\u0438\u043b\u044c\u043d\u044b\u0439 \u043c\u0438\u043d\u0438\u043c\u0430\u043b\u0438\u0441\u0442\u0438\u0447\u043d\u044b\u0439 \u0434\u0438\u0437\u0430\u0439\u043d<\/li>\n<\/ul>\n<p><\/p>","protected":false},"excerpt":{"rendered":"<p>C\u043e\u0447\u0435\u0442\u0430\u0435\u0442 \u043a\u043e\u043c\u043f\u0430\u043a\u0442\u043d\u044b\u0439 \u0434\u0438\u0437\u0430\u0439\u043d, \u043c\u043e\u0449\u043d\u044b\u0435 \u043c\u0430\u0433\u043d\u0438\u0442\u044b \u0438 \u0432\u043e\u0437\u043c\u043e\u0436\u043d\u043e\u0441\u0442\u044c \u0432\u0440\u0430\u0449\u0435\u043d\u0438\u044f \u043d\u0430 360\u00b0, \u0447\u0442\u043e \u0434\u0435\u043b\u0430\u0435\u0442 \u0435\u0433\u043e \u0443\u0434\u043e\u0431\u043d\u044b\u043c \u0434\u043b\u044f \u0430\u0432\u0442\u043e\u043c\u043e\u0431\u0438\u043b\u044f, \u0434\u043e\u043c\u0430 \u0438\u043b\u0438 \u043e\u0444\u0438\u0441\u0430.<\/p>\n<ul>\n<li>\u041d\u0430\u0434\u0435\u0436\u043d\u0430\u044f \u0444\u0438\u043a\u0441\u0430\u0446\u0438\u044f \u0442\u0435\u043b\u0435\u0444\u043e\u043d\u0430 \u0434\u0430\u0436\u0435 \u043f\u0440\u0438 \u0434\u0432\u0438\u0436\u0435\u043d\u0438\u0438 \u043f\u043e \u043d\u0435\u0440\u043e\u0432\u043d\u043e\u0439 \u0434\u043e\u0440\u043e\u0433\u0435<\/li>\n<li>\u0412\u043e\u0437\u043c\u043e\u0436\u043d\u043e\u0441\u0442\u044c \u0438\u0441\u043f\u043e\u043b\u044c\u0437\u043e\u0432\u0430\u0442\u044c \u043a\u0430\u043a \u043d\u0430\u0441\u0442\u043e\u043b\u044c\u043d\u0443\u044e \u043f\u043e\u0434\u0441\u0442\u0430\u0432\u043a\u0443<\/li>\n<li>\u041a\u043e\u043c\u043f\u0430\u043a\u0442\u043d\u044b\u0439 \u0440\u0430\u0437\u043c\u0435\u0440 \u2014 \u043b\u0435\u0433\u043a\u043e \u0441\u043a\u043b\u0430\u0434\u044b\u0432\u0430\u0435\u0442\u0441\u044f \u0438 \u043f\u043e\u043c\u0435\u0449\u0430\u0435\u0442\u0441\u044f \u0432 \u0441\u0443\u043c\u043a\u0443<\/li>\n<li>\u0421\u043e\u0432\u043c\u0435\u0441\u0442\u0438\u043c\u043e\u0441\u0442\u044c \u0441 MagSafe \u0438 \u0434\u0440\u0443\u0433\u0438\u043c\u0438 \u043c\u0430\u0433\u043d\u0438\u0442\u043d\u044b\u043c\u0438 \u0441\u0438\u0441\u0442\u0435\u043c\u0430\u043c\u0438<\/li>\n<\/ul>\n","protected":false},"featured_media":252,"comment_status":"open","ping_status":"closed","template":"","meta":{"_acf_changed":false,"inline_featured_image":false},"product_brand":[],"product_cat":[20],"product_tag":[],"class_list":{"0":"post-251","1":"product","2":"type-product","3":"status-publish","4":"has-post-thumbnail","6":"product_cat-uchwytu-i-mocowania","8":"first","9":"instock","10":"shipping-taxable","11":"purchasable","12":"product-type-simple"},"acf":[],"aioseo_notices":[],"qtranslate_raw":{"raw_title":"[:pl]Magnetyczny uchwyt X53[:ru]\u041c\u0430\u0433\u043d\u0438\u0442\u043d\u044b\u0439 \u0434\u0435\u0440\u0436\u0430\u0442\u0435\u043b\u044c X53[:]","raw_content":"[:pl]<p data-start=\"127\" data-end=\"144\"><strong data-start=\"127\" data-end=\"144\">G\u0142\u00f3wne cechy:<\/strong><\/p>\r\n\r\n<ul data-start=\"145\" data-end=\"493\">\r\n \t<li data-start=\"145\" data-end=\"197\">\r\n<p data-start=\"147\" data-end=\"197\"><strong>Typ monta\u017cu:<\/strong> magnetyczny, sk\u0142adany, z przyssawk\u0105<\/p>\r\n<\/li>\r\n \t<li data-start=\"198\" data-end=\"247\">\r\n<p data-start=\"200\" data-end=\"247\"><strong>Materia\u0142:<\/strong> stop aluminium (odporny na zu\u017cycie)<\/p>\r\n<\/li>\r\n \t<li data-start=\"248\" data-end=\"320\">\r\n<p data-start=\"250\" data-end=\"320\"><strong>Funkcje:<\/strong> obr\u00f3t 360\u00b0, regulacja k\u0105ta nachylenia, sk\u0142adana konstrukcja<\/p>\r\n<\/li>\r\n \t<li data-start=\"321\" data-end=\"393\">\r\n<p data-start=\"323\" data-end=\"393\"><strong>Kompatybilno\u015b\u0107:<\/strong> uniwersalna \u2014 pasuje do wi\u0119kszo\u015bci smartfon\u00f3w (4\u20138\")<\/p>\r\n<\/li>\r\n \t<li data-start=\"394\" data-end=\"493\">\r\n<p data-start=\"396\" data-end=\"493\"><strong>Cechy dodatkowe:<\/strong> powierzchnia antypo\u015blizgowa, mocne trzymanie, minimalistyczny i stylowy wygl\u0105d<\/p>\r\n<\/li>\r\n<\/ul>[:ru]<h3>\u041e\u0441\u043d\u043e\u0432\u043d\u044b\u0435 \u0445\u0430\u0440\u0430\u043a\u0442\u0435\u0440\u0438\u0441\u0442\u0438\u043a\u0438<\/h3>\r\n<ul>\r\n \t<li><strong>\u0422\u0438\u043f \u043a\u0440\u0435\u043f\u043b\u0435\u043d\u0438\u044f:<\/strong> \u043c\u0430\u0433\u043d\u0438\u0442\u043d\u044b\u0439, \u0441\u043a\u043b\u0430\u0434\u043d\u043e\u0439, \u0432\u0430\u043a\u0443\u0443\u043c\u043d\u0430\u044f \u043f\u0440\u0438\u0441\u043e\u0441\u043a\u0430<\/li>\r\n \t<li><strong>\u041c\u0430\u0442\u0435\u0440\u0438\u0430\u043b:<\/strong> \u0430\u043b\u044e\u043c\u0438\u043d\u0438\u0435\u0432\u044b\u0439 \u0441\u043f\u043b\u0430\u0432 (\u0443\u0441\u0442\u043e\u0439\u0447\u0438\u0432\u044b\u0439 \u043a \u0438\u0437\u043d\u043e\u0441\u0443)<\/li>\r\n \t<li><strong>\u0424\u0443\u043d\u043a\u0446\u0438\u0438:<\/strong> \u0432\u0440\u0430\u0449\u0435\u043d\u0438\u0435 \u043d\u0430 360\u00b0, \u0440\u0435\u0433\u0443\u043b\u0438\u0440\u043e\u0432\u043a\u0430 \u0443\u0433\u043b\u0430 \u043d\u0430\u043a\u043b\u043e\u043d\u0430, \u0441\u043a\u043b\u0430\u0434\u043d\u0430\u044f \u043a\u043e\u043d\u0441\u0442\u0440\u0443\u043a\u0446\u0438\u044f<\/li>\r\n \t<li><strong>\u0421\u043e\u0432\u043c\u0435\u0441\u0442\u0438\u043c\u043e\u0441\u0442\u044c:<\/strong> \u0443\u043d\u0438\u0432\u0435\u0440\u0441\u0430\u043b\u044c\u043d\u0430\u044f \u2014 \u043f\u043e\u0434\u0445\u043e\u0434\u0438\u0442 \u0434\u043b\u044f \u0431\u043e\u043b\u044c\u0448\u0438\u043d\u0441\u0442\u0432\u0430 \u0441\u043c\u0430\u0440\u0442\u0444\u043e\u043d\u043e\u0432 (4\u20138\")<\/li>\r\n \t<li><strong>\u041e\u0441\u043e\u0431\u0435\u043d\u043d\u043e\u0441\u0442\u0438:<\/strong> \u043f\u0440\u043e\u0442\u0438\u0432\u043e\u0441\u043a\u043e\u043b\u044c\u0437\u044f\u0449\u0430\u044f \u043f\u043e\u0432\u0435\u0440\u0445\u043d\u043e\u0441\u0442\u044c, \u043f\u0440\u043e\u0447\u043d\u043e\u0435 \u0443\u0434\u0435\u0440\u0436\u0430\u043d\u0438\u0435, \u0441\u0442\u0438\u043b\u044c\u043d\u044b\u0439 \u043c\u0438\u043d\u0438\u043c\u0430\u043b\u0438\u0441\u0442\u0438\u0447\u043d\u044b\u0439 \u0434\u0438\u0437\u0430\u0439\u043d<\/li>\r\n<\/ul>[:]","raw_meta":{"total_sales":"2","woo_inpost_parcel_dimensions":"small"}},"_links":{"self":[{"href":"https:\/\/danlexway.com\/ru\/wp-json\/wp\/v2\/product\/251","targetHints":{"allow":["GET"]}}],"collection":[{"href":"https:\/\/danlexway.com\/ru\/wp-json\/wp\/v2\/product"}],"about":[{"href":"https:\/\/danlexway.com\/ru\/wp-json\/wp\/v2\/types\/product"}],"replies":[{"embeddable":true,"href":"https:\/\/danlexway.com\/ru\/wp-json\/wp\/v2\/comments?post=251"}],"wp:featuredmedia":[{"embeddable":true,"href":"https:\/\/danlexway.com\/ru\/wp-json\/wp\/v2\/media\/252"}],"wp:attachment":[{"href":"https:\/\/danlexway.com\/ru\/wp-json\/wp\/v2\/media?parent=251"}],"wp:term":[{"taxonomy":"product_brand","embeddable":true,"href":"https:\/\/danlexway.com\/ru\/wp-json\/wp\/v2\/product_brand?post=251"},{"taxonomy":"product_cat","embeddable":true,"href":"https:\/\/danlexway.com\/ru\/wp-json\/wp\/v2\/product_cat?post=251"},{"taxonomy":"product_tag","embeddable":true,"href":"https:\/\/danlexway.com\/ru\/wp-json\/wp\/v2\/product_tag?post=251"}],"curies":[{"name":"wp","href":"https:\/\/api.w.org\/{rel}","templated":true}]}}