{"id":245,"date":"2025-11-28T23:56:56","date_gmt":"2025-11-28T22:56:56","guid":{"rendered":"https:\/\/danlexway.com\/?post_type=product&#038;p=245"},"modified":"2026-03-26T19:49:14","modified_gmt":"2026-03-26T18:49:14","slug":"chehol-knizhka-dlya-alldocube-iplay-50","status":"publish","type":"product","link":"https:\/\/danlexway.com\/ru\/produkt\/chehol-knizhka-dlya-alldocube-iplay-50\/","title":{"rendered":"\u0427\u0435\u0445\u043e\u043b \u043a ALLDOCUBE 70 Mini Pro"},"content":{"rendered":"<p><\/p>\n<p data-start=\"139\" data-end=\"308\">\u0427\u0435\u0445\u043e\u043b-\u043a\u043d\u0438\u0436\u043a\u0430 \u0434\u043b\u044f \u043f\u043b\u0430\u043d\u0448\u0435\u0442\u0430 <strong data-start=\"165\" data-end=\"196\">ALLDOCUBE iPlay 70 Mini Pro<\/strong>, \u043f\u0440\u0435\u0434\u043d\u0430\u0437\u043d\u0430\u0447\u0435\u043d\u043d\u044b\u0439 \u0434\u043b\u044f \u043d\u0430\u0434\u0451\u0436\u043d\u043e\u0439 \u0437\u0430\u0449\u0438\u0442\u044b \u044d\u043a\u0440\u0430\u043d\u0430 \u0438 \u043a\u043e\u0440\u043f\u0443\u0441\u0430 \u0443\u0441\u0442\u0440\u043e\u0439\u0441\u0442\u0432\u0430 \u043e\u0442 \u0446\u0430\u0440\u0430\u043f\u0438\u043d, \u0443\u0434\u0430\u0440\u043e\u0432 \u0438 \u043f\u043e\u0432\u0441\u0435\u0434\u043d\u0435\u0432\u043d\u044b\u0445 \u0437\u0430\u0433\u0440\u044f\u0437\u043d\u0435\u043d\u0438\u0439.<\/p>\n<p data-start=\"310\" data-end=\"562\">\u041a\u043e\u043d\u0441\u0442\u0440\u0443\u043a\u0446\u0438\u044f \u0432 \u0444\u043e\u0440\u043c\u0430\u0442\u0435 \u043a\u043d\u0438\u0436\u043a\u0438 \u0437\u0430\u043a\u0440\u044b\u0432\u0430\u0435\u0442 \u043f\u043b\u0430\u043d\u0448\u0435\u0442 \u0441\u043e \u0432\u0441\u0435\u0445 \u0441\u0442\u043e\u0440\u043e\u043d, \u043e\u0431\u0435\u0441\u043f\u0435\u0447\u0438\u0432\u0430\u044f \u0434\u043e\u043f\u043e\u043b\u043d\u0438\u0442\u0435\u043b\u044c\u043d\u0443\u044e \u0437\u0430\u0449\u0438\u0442\u0443 \u0434\u0438\u0441\u043f\u043b\u0435\u044f \u043f\u0440\u0438 \u0442\u0440\u0430\u043d\u0441\u043f\u043e\u0440\u0442\u0438\u0440\u043e\u0432\u043a\u0435. \u0412\u043d\u0443\u0442\u0440\u0435\u043d\u043d\u044f\u044f \u0447\u0430\u0441\u0442\u044c \u043d\u0430\u0434\u0451\u0436\u043d\u043e \u0444\u0438\u043a\u0441\u0438\u0440\u0443\u0435\u0442 \u0443\u0441\u0442\u0440\u043e\u0439\u0441\u0442\u0432\u043e, \u0430 \u0442\u043e\u0447\u043d\u044b\u0435 \u0432\u044b\u0440\u0435\u0437\u044b \u043e\u0431\u0435\u0441\u043f\u0435\u0447\u0438\u0432\u0430\u044e\u0442 \u0441\u0432\u043e\u0431\u043e\u0434\u043d\u044b\u0439 \u0434\u043e\u0441\u0442\u0443\u043f \u043a\u043e \u0432\u0441\u0435\u043c \u043f\u043e\u0440\u0442\u0430\u043c, \u043a\u043d\u043e\u043f\u043a\u0430\u043c \u0438 \u043a\u0430\u043c\u0435\u0440\u0435.<\/p>\n<p data-start=\"564\" data-end=\"667\">\u0427\u0435\u0445\u043e\u043b \u0443\u0434\u043e\u0431\u0435\u043d \u0434\u043b\u044f \u043f\u043e\u0432\u0441\u0435\u0434\u043d\u0435\u0432\u043d\u043e\u0433\u043e \u0438\u0441\u043f\u043e\u043b\u044c\u0437\u043e\u0432\u0430\u043d\u0438\u044f \u0438 \u043c\u043e\u0436\u0435\u0442 \u0441\u043b\u0443\u0436\u0438\u0442\u044c \u043f\u043e\u0434\u0441\u0442\u0430\u0432\u043a\u043e\u0439 \u0434\u043b\u044f \u043f\u0440\u043e\u0441\u043c\u043e\u0442\u0440\u0430 \u0432\u0438\u0434\u0435\u043e \u0438\u043b\u0438 \u0440\u0430\u0431\u043e\u0442\u044b.<\/p>\n<p data-start=\"669\" data-end=\"685\"><strong data-start=\"669\" data-end=\"685\">\u041e\u0441\u043e\u0431\u0435\u043d\u043d\u043e\u0441\u0442\u0438:<\/strong><\/p>\n<ul data-start=\"686\" data-end=\"880\">\n<li data-start=\"686\" data-end=\"721\">\n<p data-start=\"688\" data-end=\"721\">\u0444\u043e\u0440\u043c\u0430\u0442 \u0447\u0435\u0445\u043b\u0430-\u043a\u043d\u0438\u0436\u043a\u0438 (flip case)<\/p>\n<\/li>\n<li data-start=\"722\" data-end=\"755\">\n<p data-start=\"724\" data-end=\"755\">\u0437\u0430\u0449\u0438\u0442\u0430 \u044d\u043a\u0440\u0430\u043d\u0430 \u0438 \u0437\u0430\u0434\u043d\u0435\u0439 \u043f\u0430\u043d\u0435\u043b\u0438<\/p>\n<\/li>\n<li data-start=\"756\" data-end=\"786\">\n<p data-start=\"758\" data-end=\"786\">\u043d\u0430\u0434\u0451\u0436\u043d\u0430\u044f \u0444\u0438\u043a\u0441\u0430\u0446\u0438\u044f \u043f\u043b\u0430\u043d\u0448\u0435\u0442\u0430<\/p>\n<\/li>\n<li data-start=\"787\" data-end=\"808\">\n<p data-start=\"789\" data-end=\"808\">\u0444\u0443\u043d\u043a\u0446\u0438\u044f \u043f\u043e\u0434\u0441\u0442\u0430\u0432\u043a\u0438<\/p>\n<\/li>\n<li data-start=\"809\" data-end=\"845\">\n<p data-start=\"811\" data-end=\"845\">\u0442\u043e\u0447\u043d\u044b\u0435 \u0432\u044b\u0440\u0435\u0437\u044b \u043f\u043e\u0434 \u043f\u043e\u0440\u0442\u044b \u0438 \u043a\u043d\u043e\u043f\u043a\u0438<\/p>\n<\/li>\n<li data-start=\"846\" data-end=\"880\">\n<p data-start=\"848\" data-end=\"880\">\u0430\u043a\u043a\u0443\u0440\u0430\u0442\u043d\u044b\u0439 \u0438 \u043f\u0440\u0430\u043a\u0442\u0438\u0447\u043d\u044b\u0439 \u0434\u0438\u0437\u0430\u0439\u043d<\/p>\n<\/li>\n<\/ul>\n<p><\/p>","protected":false},"excerpt":{"rendered":"<p>\u0423\u043b\u044c\u0442\u0440\u0430\u0442\u043e\u043d\u043a\u0438\u0439 \u0447\u0435\u0445\u043e\u043b\u2011\u043a\u043d\u0438\u0436\u043a\u0430 \u0434\u043b\u044f Alldocube iPlay 70 2025 Mini Pro \u0438\u0437 \u0438\u0441\u043a\u0443\u0441\u0441\u0442\u0432\u0435\u043d\u043d\u043e\u0439 \u043a\u043e\u0436\u0438 \u043e\u0431\u0435\u0441\u043f\u0435\u0447\u0438\u0432\u0430\u0435\u0442 \u043d\u0430\u0434\u0435\u0436\u043d\u0443\u044e \u0437\u0430\u0449\u0438\u0442\u0443 \u043f\u043b\u0430\u043d\u0448\u0435\u0442\u0430 \u043e\u0442 \u0446\u0430\u0440\u0430\u043f\u0438\u043d, \u0443\u0434\u0430\u0440\u043e\u0432 \u0438 \u043f\u044b\u043b\u0438. \u041b\u0435\u0433\u043a\u0430\u044f \u0443\u0441\u0442\u0430\u043d\u043e\u0432\u043a\u0430 \u0438 \u043f\u043b\u043e\u0442\u043d\u0430\u044f \u043f\u043e\u0441\u0430\u0434\u043a\u0430 \u0421\u0442\u0438\u043b\u044c\u043d\u044b\u0439 \u0434\u0435\u043b\u043e\u0432\u043e\u0439 \u0434\u0438\u0437\u0430\u0439\u043d, \u043f\u043e\u0434\u0445\u043e\u0434\u044f\u0449\u0438\u0439 \u0434\u043b\u044f \u0440\u0430\u0431\u043e\u0442\u044b \u0438 \u0443\u0447\u0435\u0431\u044b \u0412\u043e\u0437\u043c\u043e\u0436\u043d\u043e\u0441\u0442\u044c \u0438\u0441\u043f\u043e\u043b\u044c\u0437\u043e\u0432\u0430\u0442\u044c \u0447\u0435\u0445\u043e\u043b \u043a\u0430\u043a \u043f\u043e\u0434\u0441\u0442\u0430\u0432\u043a\u0443 \u0434\u043b\u044f \u043f\u0440\u043e\u0441\u043c\u043e\u0442\u0440\u0430 \u0432\u0438\u0434\u0435\u043e \u0438\u043b\u0438 \u0440\u0430\u0431\u043e\u0442\u044b \u0441 \u043a\u043b\u0430\u0432\u0438\u0430\u0442\u0443\u0440\u043e\u0439\u041f\u0435\u0440\u0435\u0432\u0435\u0434\u0438 \u043d\u0430 \u043f\u043e\u043b\u044c\u0441\u043a\u0438\u0439 \u044f\u0437\u044b\u043a.<\/p>\n","protected":false},"featured_media":1431,"comment_status":"open","ping_status":"closed","template":"","meta":{"_acf_changed":false,"inline_featured_image":false},"product_brand":[],"product_cat":[17,38],"product_tag":[],"class_list":{"0":"post-245","1":"product","2":"type-product","3":"status-publish","4":"has-post-thumbnail","6":"product_cat-tablety-z-nawigacja","7":"product_cat-tablety","9":"first","10":"instock","11":"shipping-taxable","12":"purchasable","13":"product-type-simple"},"acf":[],"aioseo_notices":[],"qtranslate_raw":{"raw_title":"[:pl]Etui na ALLDOCUBE 70 Mini Pro[:ru]\u0427\u0435\u0445\u043e\u043b \u043a ALLDOCUBE 70 Mini Pro[:]","raw_content":"[:pl]<p data-start=\"216\" data-end=\"435\">Eleganckie i funkcjonalne <strong data-start=\"242\" data-end=\"263\">etui typu ksi\u0105\u017cka<\/strong> zaprojektowane specjalnie dla tabletu <strong data-start=\"302\" data-end=\"333\">Alldocube iPlay 70 Mini Pro<\/strong>. Zapewnia pe\u0142n\u0105 ochron\u0119 urz\u0105dzenia oraz wygod\u0119 codziennego u\u017cytkowania \u2013 w domu, w pracy i w podr\u00f3\u017cy.<\/p>\r\n\r\n<ul data-start=\"464\" data-end=\"912\">\r\n \t<li data-start=\"464\" data-end=\"544\">\r\n<p data-start=\"466\" data-end=\"544\"><strong data-start=\"466\" data-end=\"489\">Idealne dopasowanie<\/strong> \u2013 dedykowane do modelu <em data-start=\"513\" data-end=\"542\">Alldocube iPlay 70 Mini Pro<\/em><\/p>\r\n<\/li>\r\n \t<li data-start=\"545\" data-end=\"637\">\r\n<p data-start=\"547\" data-end=\"637\"><strong data-start=\"547\" data-end=\"569\">Pe\u0142na ochrona 360\u00b0<\/strong> \u2013 chroni ekran, ty\u0142 i kraw\u0119dzie przed zarysowaniami i uderzeniami<\/p>\r\n<\/li>\r\n \t<li data-start=\"638\" data-end=\"711\">\r\n<p data-start=\"640\" data-end=\"711\"><strong data-start=\"640\" data-end=\"661\">Funkcja podstawki<\/strong> \u2013 wygodne ogl\u0105danie film\u00f3w, nawigacja lub praca<\/p>\r\n<\/li>\r\n \t<li data-start=\"712\" data-end=\"769\">\r\n<p data-start=\"714\" data-end=\"769\"><strong data-start=\"714\" data-end=\"744\">Smuk\u0142a i lekka konstrukcja<\/strong> \u2013 nie pogrubia tabletu<\/p>\r\n<\/li>\r\n \t<li data-start=\"770\" data-end=\"842\">\r\n<p data-start=\"772\" data-end=\"842\"><strong data-start=\"772\" data-end=\"801\">Stylowy, biznesowy design<\/strong> \u2013 pasuje do pracy i codziennego u\u017cytku<\/p>\r\n<\/li>\r\n \t<li data-start=\"843\" data-end=\"912\">\r\n<p data-start=\"845\" data-end=\"912\"><strong data-start=\"845\" data-end=\"887\">Swobodny dost\u0119p do port\u00f3w i przycisk\u00f3w<\/strong> \u2013 bez zdejmowania etui<\/p>\r\n<\/li>\r\n<\/ul>[:ru]<p data-start=\"139\" data-end=\"308\">\u0427\u0435\u0445\u043e\u043b-\u043a\u043d\u0438\u0436\u043a\u0430 \u0434\u043b\u044f \u043f\u043b\u0430\u043d\u0448\u0435\u0442\u0430 <strong data-start=\"165\" data-end=\"196\">ALLDOCUBE iPlay 70 Mini Pro<\/strong>, \u043f\u0440\u0435\u0434\u043d\u0430\u0437\u043d\u0430\u0447\u0435\u043d\u043d\u044b\u0439 \u0434\u043b\u044f \u043d\u0430\u0434\u0451\u0436\u043d\u043e\u0439 \u0437\u0430\u0449\u0438\u0442\u044b \u044d\u043a\u0440\u0430\u043d\u0430 \u0438 \u043a\u043e\u0440\u043f\u0443\u0441\u0430 \u0443\u0441\u0442\u0440\u043e\u0439\u0441\u0442\u0432\u0430 \u043e\u0442 \u0446\u0430\u0440\u0430\u043f\u0438\u043d, \u0443\u0434\u0430\u0440\u043e\u0432 \u0438 \u043f\u043e\u0432\u0441\u0435\u0434\u043d\u0435\u0432\u043d\u044b\u0445 \u0437\u0430\u0433\u0440\u044f\u0437\u043d\u0435\u043d\u0438\u0439.<\/p>\r\n<p data-start=\"310\" data-end=\"562\">\u041a\u043e\u043d\u0441\u0442\u0440\u0443\u043a\u0446\u0438\u044f \u0432 \u0444\u043e\u0440\u043c\u0430\u0442\u0435 \u043a\u043d\u0438\u0436\u043a\u0438 \u0437\u0430\u043a\u0440\u044b\u0432\u0430\u0435\u0442 \u043f\u043b\u0430\u043d\u0448\u0435\u0442 \u0441\u043e \u0432\u0441\u0435\u0445 \u0441\u0442\u043e\u0440\u043e\u043d, \u043e\u0431\u0435\u0441\u043f\u0435\u0447\u0438\u0432\u0430\u044f \u0434\u043e\u043f\u043e\u043b\u043d\u0438\u0442\u0435\u043b\u044c\u043d\u0443\u044e \u0437\u0430\u0449\u0438\u0442\u0443 \u0434\u0438\u0441\u043f\u043b\u0435\u044f \u043f\u0440\u0438 \u0442\u0440\u0430\u043d\u0441\u043f\u043e\u0440\u0442\u0438\u0440\u043e\u0432\u043a\u0435. \u0412\u043d\u0443\u0442\u0440\u0435\u043d\u043d\u044f\u044f \u0447\u0430\u0441\u0442\u044c \u043d\u0430\u0434\u0451\u0436\u043d\u043e \u0444\u0438\u043a\u0441\u0438\u0440\u0443\u0435\u0442 \u0443\u0441\u0442\u0440\u043e\u0439\u0441\u0442\u0432\u043e, \u0430 \u0442\u043e\u0447\u043d\u044b\u0435 \u0432\u044b\u0440\u0435\u0437\u044b \u043e\u0431\u0435\u0441\u043f\u0435\u0447\u0438\u0432\u0430\u044e\u0442 \u0441\u0432\u043e\u0431\u043e\u0434\u043d\u044b\u0439 \u0434\u043e\u0441\u0442\u0443\u043f \u043a\u043e \u0432\u0441\u0435\u043c \u043f\u043e\u0440\u0442\u0430\u043c, \u043a\u043d\u043e\u043f\u043a\u0430\u043c \u0438 \u043a\u0430\u043c\u0435\u0440\u0435.<\/p>\r\n<p data-start=\"564\" data-end=\"667\">\u0427\u0435\u0445\u043e\u043b \u0443\u0434\u043e\u0431\u0435\u043d \u0434\u043b\u044f \u043f\u043e\u0432\u0441\u0435\u0434\u043d\u0435\u0432\u043d\u043e\u0433\u043e \u0438\u0441\u043f\u043e\u043b\u044c\u0437\u043e\u0432\u0430\u043d\u0438\u044f \u0438 \u043c\u043e\u0436\u0435\u0442 \u0441\u043b\u0443\u0436\u0438\u0442\u044c \u043f\u043e\u0434\u0441\u0442\u0430\u0432\u043a\u043e\u0439 \u0434\u043b\u044f \u043f\u0440\u043e\u0441\u043c\u043e\u0442\u0440\u0430 \u0432\u0438\u0434\u0435\u043e \u0438\u043b\u0438 \u0440\u0430\u0431\u043e\u0442\u044b.<\/p>\r\n<p data-start=\"669\" data-end=\"685\"><strong data-start=\"669\" data-end=\"685\">\u041e\u0441\u043e\u0431\u0435\u043d\u043d\u043e\u0441\u0442\u0438:<\/strong><\/p>\r\n\r\n<ul data-start=\"686\" data-end=\"880\">\r\n \t<li data-start=\"686\" data-end=\"721\">\r\n<p data-start=\"688\" data-end=\"721\">\u0444\u043e\u0440\u043c\u0430\u0442 \u0447\u0435\u0445\u043b\u0430-\u043a\u043d\u0438\u0436\u043a\u0438 (flip case)<\/p>\r\n<\/li>\r\n \t<li data-start=\"722\" data-end=\"755\">\r\n<p data-start=\"724\" data-end=\"755\">\u0437\u0430\u0449\u0438\u0442\u0430 \u044d\u043a\u0440\u0430\u043d\u0430 \u0438 \u0437\u0430\u0434\u043d\u0435\u0439 \u043f\u0430\u043d\u0435\u043b\u0438<\/p>\r\n<\/li>\r\n \t<li data-start=\"756\" data-end=\"786\">\r\n<p data-start=\"758\" data-end=\"786\">\u043d\u0430\u0434\u0451\u0436\u043d\u0430\u044f \u0444\u0438\u043a\u0441\u0430\u0446\u0438\u044f \u043f\u043b\u0430\u043d\u0448\u0435\u0442\u0430<\/p>\r\n<\/li>\r\n \t<li data-start=\"787\" data-end=\"808\">\r\n<p data-start=\"789\" data-end=\"808\">\u0444\u0443\u043d\u043a\u0446\u0438\u044f \u043f\u043e\u0434\u0441\u0442\u0430\u0432\u043a\u0438<\/p>\r\n<\/li>\r\n \t<li data-start=\"809\" data-end=\"845\">\r\n<p data-start=\"811\" data-end=\"845\">\u0442\u043e\u0447\u043d\u044b\u0435 \u0432\u044b\u0440\u0435\u0437\u044b \u043f\u043e\u0434 \u043f\u043e\u0440\u0442\u044b \u0438 \u043a\u043d\u043e\u043f\u043a\u0438<\/p>\r\n<\/li>\r\n \t<li data-start=\"846\" data-end=\"880\">\r\n<p data-start=\"848\" data-end=\"880\">\u0430\u043a\u043a\u0443\u0440\u0430\u0442\u043d\u044b\u0439 \u0438 \u043f\u0440\u0430\u043a\u0442\u0438\u0447\u043d\u044b\u0439 \u0434\u0438\u0437\u0430\u0439\u043d<\/p>\r\n<\/li>\r\n<\/ul>[:]","raw_meta":{"total_sales":"2","woo_inpost_parcel_dimensions":"small"}},"_links":{"self":[{"href":"https:\/\/danlexway.com\/ru\/wp-json\/wp\/v2\/product\/245","targetHints":{"allow":["GET"]}}],"collection":[{"href":"https:\/\/danlexway.com\/ru\/wp-json\/wp\/v2\/product"}],"about":[{"href":"https:\/\/danlexway.com\/ru\/wp-json\/wp\/v2\/types\/product"}],"replies":[{"embeddable":true,"href":"https:\/\/danlexway.com\/ru\/wp-json\/wp\/v2\/comments?post=245"}],"wp:featuredmedia":[{"embeddable":true,"href":"https:\/\/danlexway.com\/ru\/wp-json\/wp\/v2\/media\/1431"}],"wp:attachment":[{"href":"https:\/\/danlexway.com\/ru\/wp-json\/wp\/v2\/media?parent=245"}],"wp:term":[{"taxonomy":"product_brand","embeddable":true,"href":"https:\/\/danlexway.com\/ru\/wp-json\/wp\/v2\/product_brand?post=245"},{"taxonomy":"product_cat","embeddable":true,"href":"https:\/\/danlexway.com\/ru\/wp-json\/wp\/v2\/product_cat?post=245"},{"taxonomy":"product_tag","embeddable":true,"href":"https:\/\/danlexway.com\/ru\/wp-json\/wp\/v2\/product_tag?post=245"}],"curies":[{"name":"wp","href":"https:\/\/api.w.org\/{rel}","templated":true}]}}