{"id":199,"date":"2025-11-18T18:49:55","date_gmt":"2025-11-18T17:49:55","guid":{"rendered":"https:\/\/danlexway.com\/?post_type=product&#038;p=199"},"modified":"2025-12-30T16:12:27","modified_gmt":"2025-12-30T15:12:27","slug":"samochodowa-ladowarka-toocki-o-wysokiej-mocy","status":"publish","type":"product","link":"https:\/\/danlexway.com\/ru\/produkt\/samochodowa-ladowarka-toocki-o-wysokiej-mocy\/","title":{"rendered":"\u0410\u0432\u0442\u043e\u043c\u043e\u0431\u0438\u043b\u044c\u043d\u043e\u0435 \u0437\u0430\u0440\u044f\u0434\u043d\u043e\u0435 \u0443\u0441\u0442\u0440\u043e\u0439\u0441\u0442\u0432\u043e Toocki 200w"},"content":{"rendered":"<p><\/p>\n<h2 data-start=\"146\" data-end=\"216\">\u0410\u0432\u0442\u043e\u043c\u043e\u0431\u0438\u043b\u044c\u043d\u043e\u0435 \u0437\u0430\u0440\u044f\u0434\u043d\u043e\u0435 \u0443\u0441\u0442\u0440\u043e\u0439\u0441\u0442\u0432\u043e Toocki 200W \u2013 2\u00d7USB-C + 1\u00d7USB-A<\/h2>\n<h3 data-start=\"217\" data-end=\"266\">\u0411\u044b\u0441\u0442\u0440\u0430\u044f \u0437\u0430\u0440\u044f\u0434\u043a\u0430 \u0442\u0435\u043b\u0435\u0444\u043e\u043d\u0430, \u043f\u043b\u0430\u043d\u0448\u0435\u0442\u0430 \u0438 \u043d\u043e\u0443\u0442\u0431\u0443\u043a\u0430<\/h3>\n<p data-start=\"268\" data-end=\"650\">\u0421\u043e\u0432\u0440\u0435\u043c\u0435\u043d\u043d\u043e\u0435 <strong data-start=\"280\" data-end=\"341\">\u0430\u0432\u0442\u043e\u043c\u043e\u0431\u0438\u043b\u044c\u043d\u043e\u0435 \u0437\u0430\u0440\u044f\u0434\u043d\u043e\u0435 \u0443\u0441\u0442\u0440\u043e\u0439\u0441\u0442\u0432\u043e Toocki \u043c\u043e\u0449\u043d\u043e\u0441\u0442\u044c\u044e 200 \u0412\u0442<\/strong> \u0441\u043e\u0437\u0434\u0430\u043d\u043e \u0434\u043b\u044f \u043f\u043e\u043b\u044c\u0437\u043e\u0432\u0430\u0442\u0435\u043b\u0435\u0439, \u043a\u043e\u0442\u043e\u0440\u044b\u043c \u0432\u0430\u0436\u043d\u044b <strong data-start=\"383\" data-end=\"438\">\u0432\u044b\u0441\u043e\u043a\u0430\u044f \u0441\u043a\u043e\u0440\u043e\u0441\u0442\u044c \u0437\u0430\u0440\u044f\u0434\u043a\u0438, \u043d\u0430\u0434\u0435\u0436\u043d\u043e\u0441\u0442\u044c \u0438 \u0431\u0435\u0437\u043e\u043f\u0430\u0441\u043d\u043e\u0441\u0442\u044c<\/strong>. \u0411\u043b\u0430\u0433\u043e\u0434\u0430\u0440\u044f <strong data-start=\"450\" data-end=\"465\">\u0442\u0440\u0451\u043c \u043f\u043e\u0440\u0442\u0430\u043c<\/strong> (2\u00d7USB-C \u0438 1\u00d7USB-A) \u043e\u043d\u043e \u043f\u043e\u0437\u0432\u043e\u043b\u044f\u0435\u0442 \u043e\u0434\u043d\u043e\u0432\u0440\u0435\u043c\u0435\u043d\u043d\u043e \u0437\u0430\u0440\u044f\u0436\u0430\u0442\u044c \u0434\u043e <strong data-start=\"525\" data-end=\"543\">\u0442\u0440\u0451\u0445 \u0443\u0441\u0442\u0440\u043e\u0439\u0441\u0442\u0432<\/strong> \u2014 \u0441\u043c\u0430\u0440\u0442\u0444\u043e\u043d, \u043f\u043b\u0430\u043d\u0448\u0435\u0442 \u0438 \u043d\u043e\u0443\u0442\u0431\u0443\u043a. \u041e\u0442\u043b\u0438\u0447\u043d\u043e \u043f\u043e\u0434\u0445\u043e\u0434\u0438\u0442 \u043a\u0430\u043a \u0434\u043b\u044f \u043f\u043e\u0432\u0441\u0435\u0434\u043d\u0435\u0432\u043d\u044b\u0445 \u043f\u043e\u0435\u0437\u0434\u043e\u043a, \u0442\u0430\u043a \u0438 \u0434\u043b\u044f \u0434\u0430\u043b\u044c\u043d\u0438\u0445 \u043c\u0430\u0440\u0448\u0440\u0443\u0442\u043e\u0432.<\/p>\n<hr data-start=\"652\" data-end=\"655\" \/>\n<h3 data-start=\"657\" data-end=\"714\">\u0422\u0440\u0438 \u043f\u043e\u0440\u0442\u0430 \u2014 \u044d\u0444\u0444\u0435\u043a\u0442\u0438\u0432\u043d\u0430\u044f \u0438 \u044d\u043a\u043e\u043d\u043e\u043c\u044f\u0449\u0430\u044f \u0432\u0440\u0435\u043c\u044f \u0437\u0430\u0440\u044f\u0434\u043a\u0430<\/h3>\n<p data-start=\"715\" data-end=\"937\">\u041c\u043d\u043e\u0433\u043e\u043f\u043e\u0440\u0442\u043e\u0432\u0430\u044f \u043a\u043e\u043d\u0441\u0442\u0440\u0443\u043a\u0446\u0438\u044f \u043e\u0431\u0435\u0441\u043f\u0435\u0447\u0438\u0432\u0430\u0435\u0442 \u0443\u0434\u043e\u0431\u043d\u0443\u044e \u043e\u0434\u043d\u043e\u0432\u0440\u0435\u043c\u0435\u043d\u043d\u0443\u044e \u0437\u0430\u0440\u044f\u0434\u043a\u0443 \u043d\u0435\u0441\u043a\u043e\u043b\u044c\u043a\u0438\u0445 \u0443\u0441\u0442\u0440\u043e\u0439\u0441\u0442\u0432 <strong data-start=\"805\" data-end=\"828\">\u0431\u0435\u0437 \u043f\u043e\u0442\u0435\u0440\u0438 \u043c\u043e\u0449\u043d\u043e\u0441\u0442\u0438<\/strong>. \u0418\u0434\u0435\u0430\u043b\u044c\u043d\u043e\u0435 \u0440\u0435\u0448\u0435\u043d\u0438\u0435 \u0434\u043b\u044f \u0432\u043e\u0434\u0438\u0442\u0435\u043b\u0435\u0439, \u043f\u0430\u0441\u0441\u0430\u0436\u0438\u0440\u043e\u0432 \u0438 \u043f\u0440\u043e\u0444\u0435\u0441\u0441\u0438\u043e\u043d\u0430\u043b\u043e\u0432, \u0438\u0441\u043f\u043e\u043b\u044c\u0437\u0443\u044e\u0449\u0438\u0445 \u043d\u0435\u0441\u043a\u043e\u043b\u044c\u043a\u043e \u0433\u0430\u0434\u0436\u0435\u0442\u043e\u0432 \u043e\u0434\u043d\u043e\u0432\u0440\u0435\u043c\u0435\u043d\u043d\u043e.<\/p>\n<hr data-start=\"939\" data-end=\"942\" \/>\n<h3 data-start=\"944\" data-end=\"997\">\u00a0\u041c\u043e\u0449\u043d\u043e\u0441\u0442\u044c \u0434\u043e 200 \u0412\u0442 \u2014 \u0442\u0435\u043b\u0435\u0444\u043e\u043d, \u043f\u043b\u0430\u043d\u0448\u0435\u0442 \u0438 \u043d\u043e\u0443\u0442\u0431\u0443\u043a<\/h3>\n<p data-start=\"998\" data-end=\"1064\">\u041e\u0431\u0449\u0430\u044f \u0432\u044b\u0445\u043e\u0434\u043d\u0430\u044f \u043c\u043e\u0449\u043d\u043e\u0441\u0442\u044c \u0434\u043e <strong data-start=\"1025\" data-end=\"1035\">200 \u0412\u0442<\/strong> \u043f\u043e\u0437\u0432\u043e\u043b\u044f\u0435\u0442 \u0443\u0432\u0435\u0440\u0435\u043d\u043d\u043e \u0437\u0430\u0440\u044f\u0436\u0430\u0442\u044c:<\/p>\n<ul data-start=\"1065\" data-end=\"1135\">\n<li data-start=\"1065\" data-end=\"1075\">\n<p data-start=\"1067\" data-end=\"1075\">\u043d\u043e\u0443\u0442\u0431\u0443\u043a\u0438<\/p>\n<\/li>\n<li data-start=\"1076\" data-end=\"1086\">\n<p data-start=\"1078\" data-end=\"1086\">\u043f\u043b\u0430\u043d\u0448\u0435\u0442\u044b<\/p>\n<\/li>\n<li data-start=\"1087\" data-end=\"1098\">\n<p data-start=\"1089\" data-end=\"1098\">\u0441\u043c\u0430\u0440\u0442\u0444\u043e\u043d\u044b<\/p>\n<\/li>\n<li data-start=\"1099\" data-end=\"1111\">\n<p data-start=\"1101\" data-end=\"1111\">\u043f\u0430\u0443\u044d\u0440\u0431\u0430\u043d\u043a\u0438<\/p>\n<\/li>\n<li data-start=\"1112\" data-end=\"1135\">\n<p data-start=\"1114\" data-end=\"1135\">\u0434\u0440\u0443\u0433\u0438\u0435 USB-\u0443\u0441\u0442\u0440\u043e\u0439\u0441\u0442\u0432\u0430<\/p>\n<\/li>\n<\/ul>\n<p data-start=\"1137\" data-end=\"1239\">\u0423\u0441\u0442\u0440\u043e\u0439\u0441\u0442\u0432\u043e \u043e\u0431\u0435\u0441\u043f\u0435\u0447\u0438\u0432\u0430\u0435\u0442 \u0441\u0442\u0430\u0431\u0438\u043b\u044c\u043d\u0443\u044e \u0438 \u0431\u044b\u0441\u0442\u0440\u0443\u044e \u0437\u0430\u0440\u044f\u0434\u043a\u0443 \u0434\u0430\u0436\u0435 \u0434\u043b\u044f \u044d\u043d\u0435\u0440\u0433\u043e\u0451\u043c\u043a\u0438\u0445 \u0443\u0441\u0442\u0440\u043e\u0439\u0441\u0442\u0432 \u0432\u043e \u0432\u0440\u0435\u043c\u044f \u0434\u0432\u0438\u0436\u0435\u043d\u0438\u044f.<\/p>\n<hr data-start=\"1241\" data-end=\"1244\" \/>\n<h3 data-start=\"1246\" data-end=\"1294\">M\u043e\u0449\u043d\u043e\u0441\u0442\u044c 100W PD \u2014 \u0434\u043e 4\u00d7 \u0431\u044b\u0441\u0442\u0440\u0435\u0435<\/h3>\n<p data-start=\"1295\" data-end=\"1413\">\u041f\u043e\u0440\u0442\u044b <strong data-start=\"1301\" data-end=\"1320\">USB-C1 \u0438 USB-C2<\/strong> \u043f\u043e\u0434\u0434\u0435\u0440\u0436\u0438\u0432\u0430\u044e\u0442 <strong data-start=\"1334\" data-end=\"1397\">\u043d\u0430\u0441\u0442\u043e\u044f\u0449\u0435\u0435 \u0431\u044b\u0441\u0442\u0440\u043e\u0435 \u0437\u0430\u0440\u044f\u0434\u043d\u043e\u0435 \u0443\u0441\u0442\u0440\u043e\u0439\u0441\u0442\u0432\u043e Power Delivery 100 \u0412\u0442<\/strong>, \u0447\u0442\u043e \u043f\u043e\u0437\u0432\u043e\u043b\u044f\u0435\u0442:<\/p>\n<ul data-start=\"1414\" data-end=\"1555\">\n<li data-start=\"1414\" data-end=\"1451\">\n<p data-start=\"1416\" data-end=\"1451\">\u0437\u043d\u0430\u0447\u0438\u0442\u0435\u043b\u044c\u043d\u043e \u0441\u043e\u043a\u0440\u0430\u0442\u0438\u0442\u044c \u0432\u0440\u0435\u043c\u044f \u0437\u0430\u0440\u044f\u0434\u043a\u0438<\/p>\n<\/li>\n<li data-start=\"1452\" data-end=\"1493\">\n<p data-start=\"1454\" data-end=\"1493\">\u044d\u0444\u0444\u0435\u043a\u0442\u0438\u0432\u043d\u043e \u0437\u0430\u0440\u044f\u0436\u0430\u0442\u044c \u043d\u043e\u0443\u0442\u0431\u0443\u043a\u0438 \u0438 \u043f\u043b\u0430\u043d\u0448\u0435\u0442\u044b<\/p>\n<\/li>\n<li data-start=\"1494\" data-end=\"1555\">\n<p data-start=\"1496\" data-end=\"1555\">\u043f\u043e\u0434\u0434\u0435\u0440\u0436\u0438\u0432\u0430\u0442\u044c \u0441\u0442\u0430\u0431\u0438\u043b\u044c\u043d\u0443\u044e \u043f\u043e\u0434\u0430\u0447\u0443 \u043f\u0438\u0442\u0430\u043d\u0438\u044f \u043f\u0440\u0438 \u0432\u044b\u0441\u043e\u043a\u043e\u0439 \u043d\u0430\u0433\u0440\u0443\u0437\u043a\u0435<\/p>\n<\/li>\n<\/ul>\n<p><\/p>","protected":false},"excerpt":{"rendered":"<p>\u0410\u0432\u0442\u043e\u043c\u043e\u0431\u0438\u043b\u044c\u043d\u043e\u0435 \u0437\u0430\u0440\u044f\u0434\u043d\u043e\u0435 \u0443\u0441\u0442\u0440\u043e\u0439\u0441\u0442\u0432\u043e <strong data-start=\"88\" data-end=\"103\">Toocki 200W<\/strong> \u0441 \u0442\u0440\u0435\u043c\u044f \u043f\u043e\u0440\u0442\u0430\u043c\u0438 (2\u00d7USB-C + 1\u00d7USB-A) \u043f\u043e\u0437\u0432\u043e\u043b\u044f\u0435\u0442 \u043e\u0434\u043d\u043e\u0432\u0440\u0435\u043c\u0435\u043d\u043d\u043e \u0431\u044b\u0441\u0442\u0440\u043e \u0437\u0430\u0440\u044f\u0436\u0430\u0442\u044c \u0441\u043c\u0430\u0440\u0442\u0444\u043e\u043d, \u043f\u043b\u0430\u043d\u0448\u0435\u0442 \u0438 \u043d\u043e\u0443\u0442\u0431\u0443\u043a. \u041f\u043e\u0440\u0442\u044b USB-C \u043e\u0431\u0435\u0441\u043f\u0435\u0447\u0438\u0432\u0430\u044e\u0442 <strong data-start=\"233\" data-end=\"264\">\u0440\u0435\u0430\u043b\u044c\u043d\u0443\u044e \u043c\u043e\u0449\u043d\u043e\u0441\u0442\u044c PD 100 \u0412\u0442<\/strong>, \u0433\u0430\u0440\u0430\u043d\u0442\u0438\u0440\u0443\u044f \u0434\u043e <strong data-start=\"280\" data-end=\"311\">4 \u0440\u0430\u0437 \u0431\u043e\u043b\u0435\u0435 \u0431\u044b\u0441\u0442\u0440\u0443\u044e \u0437\u0430\u0440\u044f\u0434\u043a\u0443<\/strong>, \u0430 \u043f\u043e\u043b\u043d\u0430\u044f \u0441\u043e\u0432\u043c\u0435\u0441\u0442\u0438\u043c\u043e\u0441\u0442\u044c \u0441 \u043f\u0440\u043e\u0442\u043e\u043a\u043e\u043b\u0430\u043c\u0438 <strong data-start=\"350\" data-end=\"412\">Apple Fast Charge, Samsung AFC\/PPS, Huawei SCP\/FCP \u0438 QC 4+<\/strong> \u0434\u0435\u043b\u0430\u0435\u0442 \u0443\u0441\u0442\u0440\u043e\u0439\u0441\u0442\u0432\u043e \u0443\u043d\u0438\u0432\u0435\u0440\u0441\u0430\u043b\u044c\u043d\u044b\u043c. \u0412\u0441\u0442\u0440\u043e\u0435\u043d\u043d\u044b\u0439 \u0438\u043d\u0442\u0435\u043b\u043b\u0435\u043a\u0442\u0443\u0430\u043b\u044c\u043d\u044b\u0439 \u0447\u0438\u043f \u0437\u0430\u0449\u0438\u0449\u0430\u0435\u0442 \u043f\u043e\u0434\u043a\u043b\u044e\u0447\u0451\u043d\u043d\u044b\u0435 \u0443\u0441\u0442\u0440\u043e\u0439\u0441\u0442\u0432\u0430, \u0430 \u043f\u0440\u043e\u0447\u043d\u0430\u044f \u043a\u043e\u043d\u0441\u0442\u0440\u0443\u043a\u0446\u0438\u044f \u043e\u0431\u0435\u0441\u043f\u0435\u0447\u0438\u0432\u0430\u0435\u0442 \u0441\u0442\u0430\u0431\u0438\u043b\u044c\u043d\u0443\u044e \u0440\u0430\u0431\u043e\u0442\u0443 \u0434\u0430\u0436\u0435 \u043d\u0430 \u043d\u0435\u0440\u043e\u0432\u043d\u044b\u0445 \u0434\u043e\u0440\u043e\u0433\u0430\u0445. \u0418\u0434\u0435\u0430\u043b\u044c\u043d\u043e \u043f\u043e\u0434\u0445\u043e\u0434\u0438\u0442 \u0434\u043b\u044f \u043b\u0435\u0433\u043a\u043e\u0432\u044b\u0445 \u0438 \u0433\u0440\u0443\u0437\u043e\u0432\u044b\u0445 \u0430\u0432\u0442\u043e\u043c\u043e\u0431\u0438\u043b\u0435\u0439 (12\u201324 \u0412).<\/p>\n","protected":false},"featured_media":200,"comment_status":"open","ping_status":"closed","template":"","meta":{"_acf_changed":false,"inline_featured_image":false},"product_brand":[],"product_cat":[19,21],"product_tag":[],"class_list":{"0":"post-199","1":"product","2":"type-product","3":"status-publish","4":"has-post-thumbnail","6":"product_cat-ladowarki-i-kable","7":"product_cat-akcesoria-dla-kierowcow","9":"first","10":"instock","11":"shipping-taxable","12":"purchasable","13":"product-type-simple"},"acf":[],"aioseo_notices":[],"qtranslate_raw":{"raw_title":"[:pl]\u0141adowarka samochodowa , USB typ C Toocki 200W[:ru]\u0410\u0432\u0442\u043e\u043c\u043e\u0431\u0438\u043b\u044c\u043d\u043e\u0435 \u0437\u0430\u0440\u044f\u0434\u043d\u043e\u0435 \u0443\u0441\u0442\u0440\u043e\u0439\u0441\u0442\u0432\u043e Toocki 200w[:]","raw_content":"[:pl]<h2 data-start=\"149\" data-end=\"207\">\u0141adowarka samochodowa Toocki 200W \u2013 2\u00d7USB-C + 1\u00d7USB-A<\/h2>\r\n<h3 data-start=\"208\" data-end=\"257\">Szybkie \u0142adowanie telefonu, tabletu i laptopa<\/h3>\r\n<p data-start=\"259\" data-end=\"636\">Nowoczesna <strong data-start=\"270\" data-end=\"307\">\u0142adowarka samochodowa Toocki 200W<\/strong> zosta\u0142a zaprojektowana z my\u015bl\u0105 o u\u017cytkownikach, kt\u00f3rzy oczekuj\u0105 <strong data-start=\"372\" data-end=\"420\">maksymalnej mocy, szybko\u015bci i bezpiecze\u0144stwa<\/strong>. Dzi\u0119ki <strong data-start=\"429\" data-end=\"455\">trzem portom \u0142adowania<\/strong> (2\u00d7USB-C + 1\u00d7USB-A) umo\u017cliwia jednoczesne \u0142adowanie nawet <strong data-start=\"514\" data-end=\"533\">trzech urz\u0105dze\u0144<\/strong>, takich jak smartfon, tablet czy laptop \u2014 idealna zar\u00f3wno do codziennych dojazd\u00f3w, jak i d\u0142ugich tras.<\/p>\r\n\r\n\r\n<hr data-start=\"638\" data-end=\"641\" \/>\r\n\r\n<h3 data-start=\"643\" data-end=\"701\">\u00a0Trzy porty \u2013 wydajne i oszcz\u0119dzaj\u0105ce czas \u0142adowanie<\/h3>\r\n<p data-start=\"702\" data-end=\"929\">Wieloportowa konstrukcja pozwala na komfortowe \u0142adowanie <strong data-start=\"759\" data-end=\"790\">kilku urz\u0105dze\u0144 jednocze\u015bnie<\/strong>, bez spadku wydajno\u015bci. To doskona\u0142e rozwi\u0105zanie dla kierowc\u00f3w, pasa\u017cer\u00f3w oraz profesjonalist\u00f3w korzystaj\u0105cych z wielu urz\u0105dze\u0144 mobilnych.<\/p>\r\n\r\n\r\n<hr data-start=\"931\" data-end=\"934\" \/>\r\n\r\n<h3 data-start=\"936\" data-end=\"980\">\u00a0Moc a\u017c 200W \u2013 telefon, tablet i laptop<\/h3>\r\n<p data-start=\"981\" data-end=\"1060\">\u0141adowarka oferuje <strong data-start=\"999\" data-end=\"1022\">\u0142\u0105czn\u0105 moc do 200 W<\/strong>, dzi\u0119ki czemu bez problemu obs\u0142uguje:<\/p>\r\n\r\n<ul data-start=\"1061\" data-end=\"1127\">\r\n \t<li data-start=\"1061\" data-end=\"1070\">\r\n<p data-start=\"1063\" data-end=\"1070\">laptopy<\/p>\r\n<\/li>\r\n \t<li data-start=\"1071\" data-end=\"1080\">\r\n<p data-start=\"1073\" data-end=\"1080\">tablety<\/p>\r\n<\/li>\r\n \t<li data-start=\"1081\" data-end=\"1092\">\r\n<p data-start=\"1083\" data-end=\"1092\">smartfony<\/p>\r\n<\/li>\r\n \t<li data-start=\"1093\" data-end=\"1105\">\r\n<p data-start=\"1095\" data-end=\"1105\">powerbanki<\/p>\r\n<\/li>\r\n \t<li data-start=\"1106\" data-end=\"1127\">\r\n<p data-start=\"1108\" data-end=\"1127\">inne urz\u0105dzenia USB<\/p>\r\n<\/li>\r\n<\/ul>\r\n<p data-start=\"1129\" data-end=\"1221\">Zapewnia szybkie i stabilne \u0142adowanie nawet najbardziej wymagaj\u0105cych urz\u0105dze\u0144 podczas jazdy.<\/p>\r\n\r\n\r\n<hr data-start=\"1223\" data-end=\"1226\" \/>\r\n\r\n<h3 data-start=\"1228\" data-end=\"1282\">\u00a0Moc 100W PD \u2013 nawet 4\u00d7 szybsze \u0142adowanie<\/h3>\r\n<p data-start=\"1283\" data-end=\"1390\">Porty <strong data-start=\"1289\" data-end=\"1311\">USB-C1 oraz USB-C2<\/strong> obs\u0142uguj\u0105 <strong data-start=\"1322\" data-end=\"1374\">prawdziwe szybkie \u0142adowanie Power Delivery 100 W<\/strong>, co pozwala na:<\/p>\r\n\r\n<ul data-start=\"1391\" data-end=\"1513\">\r\n \t<li data-start=\"1391\" data-end=\"1424\">\r\n<p data-start=\"1393\" data-end=\"1424\">znacznie kr\u00f3tszy czas \u0142adowania<\/p>\r\n<\/li>\r\n \t<li data-start=\"1425\" data-end=\"1466\">\r\n<p data-start=\"1427\" data-end=\"1466\">efektywne zasilanie laptop\u00f3w i tablet\u00f3w<\/p>\r\n<\/li>\r\n \t<li data-start=\"1467\" data-end=\"1513\">\r\n<p data-start=\"1469\" data-end=\"1513\">stabiln\u0105 prac\u0119 urz\u0105dze\u0144 o du\u017cym poborze mocy<\/p>\r\n<\/li>\r\n<\/ul>\r\n\r\n<hr data-start=\"1515\" data-end=\"1518\" \/>\r\n\r\n<h3 data-start=\"1520\" data-end=\"1563\">\ud83d\udd04 Pe\u0142na kompatybilno\u015b\u0107 \u2013 iOS i Android<\/h3>[:ru]<h2 data-start=\"146\" data-end=\"216\">\u0410\u0432\u0442\u043e\u043c\u043e\u0431\u0438\u043b\u044c\u043d\u043e\u0435 \u0437\u0430\u0440\u044f\u0434\u043d\u043e\u0435 \u0443\u0441\u0442\u0440\u043e\u0439\u0441\u0442\u0432\u043e Toocki 200W \u2013 2\u00d7USB-C + 1\u00d7USB-A<\/h2>\r\n<h3 data-start=\"217\" data-end=\"266\">\u0411\u044b\u0441\u0442\u0440\u0430\u044f \u0437\u0430\u0440\u044f\u0434\u043a\u0430 \u0442\u0435\u043b\u0435\u0444\u043e\u043d\u0430, \u043f\u043b\u0430\u043d\u0448\u0435\u0442\u0430 \u0438 \u043d\u043e\u0443\u0442\u0431\u0443\u043a\u0430<\/h3>\r\n<p data-start=\"268\" data-end=\"650\">\u0421\u043e\u0432\u0440\u0435\u043c\u0435\u043d\u043d\u043e\u0435 <strong data-start=\"280\" data-end=\"341\">\u0430\u0432\u0442\u043e\u043c\u043e\u0431\u0438\u043b\u044c\u043d\u043e\u0435 \u0437\u0430\u0440\u044f\u0434\u043d\u043e\u0435 \u0443\u0441\u0442\u0440\u043e\u0439\u0441\u0442\u0432\u043e Toocki \u043c\u043e\u0449\u043d\u043e\u0441\u0442\u044c\u044e 200 \u0412\u0442<\/strong> \u0441\u043e\u0437\u0434\u0430\u043d\u043e \u0434\u043b\u044f \u043f\u043e\u043b\u044c\u0437\u043e\u0432\u0430\u0442\u0435\u043b\u0435\u0439, \u043a\u043e\u0442\u043e\u0440\u044b\u043c \u0432\u0430\u0436\u043d\u044b <strong data-start=\"383\" data-end=\"438\">\u0432\u044b\u0441\u043e\u043a\u0430\u044f \u0441\u043a\u043e\u0440\u043e\u0441\u0442\u044c \u0437\u0430\u0440\u044f\u0434\u043a\u0438, \u043d\u0430\u0434\u0435\u0436\u043d\u043e\u0441\u0442\u044c \u0438 \u0431\u0435\u0437\u043e\u043f\u0430\u0441\u043d\u043e\u0441\u0442\u044c<\/strong>. \u0411\u043b\u0430\u0433\u043e\u0434\u0430\u0440\u044f <strong data-start=\"450\" data-end=\"465\">\u0442\u0440\u0451\u043c \u043f\u043e\u0440\u0442\u0430\u043c<\/strong> (2\u00d7USB-C \u0438 1\u00d7USB-A) \u043e\u043d\u043e \u043f\u043e\u0437\u0432\u043e\u043b\u044f\u0435\u0442 \u043e\u0434\u043d\u043e\u0432\u0440\u0435\u043c\u0435\u043d\u043d\u043e \u0437\u0430\u0440\u044f\u0436\u0430\u0442\u044c \u0434\u043e <strong data-start=\"525\" data-end=\"543\">\u0442\u0440\u0451\u0445 \u0443\u0441\u0442\u0440\u043e\u0439\u0441\u0442\u0432<\/strong> \u2014 \u0441\u043c\u0430\u0440\u0442\u0444\u043e\u043d, \u043f\u043b\u0430\u043d\u0448\u0435\u0442 \u0438 \u043d\u043e\u0443\u0442\u0431\u0443\u043a. \u041e\u0442\u043b\u0438\u0447\u043d\u043e \u043f\u043e\u0434\u0445\u043e\u0434\u0438\u0442 \u043a\u0430\u043a \u0434\u043b\u044f \u043f\u043e\u0432\u0441\u0435\u0434\u043d\u0435\u0432\u043d\u044b\u0445 \u043f\u043e\u0435\u0437\u0434\u043e\u043a, \u0442\u0430\u043a \u0438 \u0434\u043b\u044f \u0434\u0430\u043b\u044c\u043d\u0438\u0445 \u043c\u0430\u0440\u0448\u0440\u0443\u0442\u043e\u0432.<\/p>\r\n\r\n\r\n<hr data-start=\"652\" data-end=\"655\" \/>\r\n\r\n<h3 data-start=\"657\" data-end=\"714\">\u0422\u0440\u0438 \u043f\u043e\u0440\u0442\u0430 \u2014 \u044d\u0444\u0444\u0435\u043a\u0442\u0438\u0432\u043d\u0430\u044f \u0438 \u044d\u043a\u043e\u043d\u043e\u043c\u044f\u0449\u0430\u044f \u0432\u0440\u0435\u043c\u044f \u0437\u0430\u0440\u044f\u0434\u043a\u0430<\/h3>\r\n<p data-start=\"715\" data-end=\"937\">\u041c\u043d\u043e\u0433\u043e\u043f\u043e\u0440\u0442\u043e\u0432\u0430\u044f \u043a\u043e\u043d\u0441\u0442\u0440\u0443\u043a\u0446\u0438\u044f \u043e\u0431\u0435\u0441\u043f\u0435\u0447\u0438\u0432\u0430\u0435\u0442 \u0443\u0434\u043e\u0431\u043d\u0443\u044e \u043e\u0434\u043d\u043e\u0432\u0440\u0435\u043c\u0435\u043d\u043d\u0443\u044e \u0437\u0430\u0440\u044f\u0434\u043a\u0443 \u043d\u0435\u0441\u043a\u043e\u043b\u044c\u043a\u0438\u0445 \u0443\u0441\u0442\u0440\u043e\u0439\u0441\u0442\u0432 <strong data-start=\"805\" data-end=\"828\">\u0431\u0435\u0437 \u043f\u043e\u0442\u0435\u0440\u0438 \u043c\u043e\u0449\u043d\u043e\u0441\u0442\u0438<\/strong>. \u0418\u0434\u0435\u0430\u043b\u044c\u043d\u043e\u0435 \u0440\u0435\u0448\u0435\u043d\u0438\u0435 \u0434\u043b\u044f \u0432\u043e\u0434\u0438\u0442\u0435\u043b\u0435\u0439, \u043f\u0430\u0441\u0441\u0430\u0436\u0438\u0440\u043e\u0432 \u0438 \u043f\u0440\u043e\u0444\u0435\u0441\u0441\u0438\u043e\u043d\u0430\u043b\u043e\u0432, \u0438\u0441\u043f\u043e\u043b\u044c\u0437\u0443\u044e\u0449\u0438\u0445 \u043d\u0435\u0441\u043a\u043e\u043b\u044c\u043a\u043e \u0433\u0430\u0434\u0436\u0435\u0442\u043e\u0432 \u043e\u0434\u043d\u043e\u0432\u0440\u0435\u043c\u0435\u043d\u043d\u043e.<\/p>\r\n\r\n\r\n<hr data-start=\"939\" data-end=\"942\" \/>\r\n\r\n<h3 data-start=\"944\" data-end=\"997\">\u00a0\u041c\u043e\u0449\u043d\u043e\u0441\u0442\u044c \u0434\u043e 200 \u0412\u0442 \u2014 \u0442\u0435\u043b\u0435\u0444\u043e\u043d, \u043f\u043b\u0430\u043d\u0448\u0435\u0442 \u0438 \u043d\u043e\u0443\u0442\u0431\u0443\u043a<\/h3>\r\n<p data-start=\"998\" data-end=\"1064\">\u041e\u0431\u0449\u0430\u044f \u0432\u044b\u0445\u043e\u0434\u043d\u0430\u044f \u043c\u043e\u0449\u043d\u043e\u0441\u0442\u044c \u0434\u043e <strong data-start=\"1025\" data-end=\"1035\">200 \u0412\u0442<\/strong> \u043f\u043e\u0437\u0432\u043e\u043b\u044f\u0435\u0442 \u0443\u0432\u0435\u0440\u0435\u043d\u043d\u043e \u0437\u0430\u0440\u044f\u0436\u0430\u0442\u044c:<\/p>\r\n\r\n<ul data-start=\"1065\" data-end=\"1135\">\r\n \t<li data-start=\"1065\" data-end=\"1075\">\r\n<p data-start=\"1067\" data-end=\"1075\">\u043d\u043e\u0443\u0442\u0431\u0443\u043a\u0438<\/p>\r\n<\/li>\r\n \t<li data-start=\"1076\" data-end=\"1086\">\r\n<p data-start=\"1078\" data-end=\"1086\">\u043f\u043b\u0430\u043d\u0448\u0435\u0442\u044b<\/p>\r\n<\/li>\r\n \t<li data-start=\"1087\" data-end=\"1098\">\r\n<p data-start=\"1089\" data-end=\"1098\">\u0441\u043c\u0430\u0440\u0442\u0444\u043e\u043d\u044b<\/p>\r\n<\/li>\r\n \t<li data-start=\"1099\" data-end=\"1111\">\r\n<p data-start=\"1101\" data-end=\"1111\">\u043f\u0430\u0443\u044d\u0440\u0431\u0430\u043d\u043a\u0438<\/p>\r\n<\/li>\r\n \t<li data-start=\"1112\" data-end=\"1135\">\r\n<p data-start=\"1114\" data-end=\"1135\">\u0434\u0440\u0443\u0433\u0438\u0435 USB-\u0443\u0441\u0442\u0440\u043e\u0439\u0441\u0442\u0432\u0430<\/p>\r\n<\/li>\r\n<\/ul>\r\n<p data-start=\"1137\" data-end=\"1239\">\u0423\u0441\u0442\u0440\u043e\u0439\u0441\u0442\u0432\u043e \u043e\u0431\u0435\u0441\u043f\u0435\u0447\u0438\u0432\u0430\u0435\u0442 \u0441\u0442\u0430\u0431\u0438\u043b\u044c\u043d\u0443\u044e \u0438 \u0431\u044b\u0441\u0442\u0440\u0443\u044e \u0437\u0430\u0440\u044f\u0434\u043a\u0443 \u0434\u0430\u0436\u0435 \u0434\u043b\u044f \u044d\u043d\u0435\u0440\u0433\u043e\u0451\u043c\u043a\u0438\u0445 \u0443\u0441\u0442\u0440\u043e\u0439\u0441\u0442\u0432 \u0432\u043e \u0432\u0440\u0435\u043c\u044f \u0434\u0432\u0438\u0436\u0435\u043d\u0438\u044f.<\/p>\r\n\r\n\r\n<hr data-start=\"1241\" data-end=\"1244\" \/>\r\n\r\n<h3 data-start=\"1246\" data-end=\"1294\">M\u043e\u0449\u043d\u043e\u0441\u0442\u044c 100W PD \u2014 \u0434\u043e 4\u00d7 \u0431\u044b\u0441\u0442\u0440\u0435\u0435<\/h3>\r\n<p data-start=\"1295\" data-end=\"1413\">\u041f\u043e\u0440\u0442\u044b <strong data-start=\"1301\" data-end=\"1320\">USB-C1 \u0438 USB-C2<\/strong> \u043f\u043e\u0434\u0434\u0435\u0440\u0436\u0438\u0432\u0430\u044e\u0442 <strong data-start=\"1334\" data-end=\"1397\">\u043d\u0430\u0441\u0442\u043e\u044f\u0449\u0435\u0435 \u0431\u044b\u0441\u0442\u0440\u043e\u0435 \u0437\u0430\u0440\u044f\u0434\u043d\u043e\u0435 \u0443\u0441\u0442\u0440\u043e\u0439\u0441\u0442\u0432\u043e Power Delivery 100 \u0412\u0442<\/strong>, \u0447\u0442\u043e \u043f\u043e\u0437\u0432\u043e\u043b\u044f\u0435\u0442:<\/p>\r\n\r\n<ul data-start=\"1414\" data-end=\"1555\">\r\n \t<li data-start=\"1414\" data-end=\"1451\">\r\n<p data-start=\"1416\" data-end=\"1451\">\u0437\u043d\u0430\u0447\u0438\u0442\u0435\u043b\u044c\u043d\u043e \u0441\u043e\u043a\u0440\u0430\u0442\u0438\u0442\u044c \u0432\u0440\u0435\u043c\u044f \u0437\u0430\u0440\u044f\u0434\u043a\u0438<\/p>\r\n<\/li>\r\n \t<li data-start=\"1452\" data-end=\"1493\">\r\n<p data-start=\"1454\" data-end=\"1493\">\u044d\u0444\u0444\u0435\u043a\u0442\u0438\u0432\u043d\u043e \u0437\u0430\u0440\u044f\u0436\u0430\u0442\u044c \u043d\u043e\u0443\u0442\u0431\u0443\u043a\u0438 \u0438 \u043f\u043b\u0430\u043d\u0448\u0435\u0442\u044b<\/p>\r\n<\/li>\r\n \t<li data-start=\"1494\" data-end=\"1555\">\r\n<p data-start=\"1496\" data-end=\"1555\">\u043f\u043e\u0434\u0434\u0435\u0440\u0436\u0438\u0432\u0430\u0442\u044c \u0441\u0442\u0430\u0431\u0438\u043b\u044c\u043d\u0443\u044e \u043f\u043e\u0434\u0430\u0447\u0443 \u043f\u0438\u0442\u0430\u043d\u0438\u044f \u043f\u0440\u0438 \u0432\u044b\u0441\u043e\u043a\u043e\u0439 \u043d\u0430\u0433\u0440\u0443\u0437\u043a\u0435<\/p>\r\n<\/li>\r\n<\/ul>[:]","raw_meta":{"total_sales":"4","woo_inpost_parcel_dimensions":"small"}},"_links":{"self":[{"href":"https:\/\/danlexway.com\/ru\/wp-json\/wp\/v2\/product\/199","targetHints":{"allow":["GET"]}}],"collection":[{"href":"https:\/\/danlexway.com\/ru\/wp-json\/wp\/v2\/product"}],"about":[{"href":"https:\/\/danlexway.com\/ru\/wp-json\/wp\/v2\/types\/product"}],"replies":[{"embeddable":true,"href":"https:\/\/danlexway.com\/ru\/wp-json\/wp\/v2\/comments?post=199"}],"wp:featuredmedia":[{"embeddable":true,"href":"https:\/\/danlexway.com\/ru\/wp-json\/wp\/v2\/media\/200"}],"wp:attachment":[{"href":"https:\/\/danlexway.com\/ru\/wp-json\/wp\/v2\/media?parent=199"}],"wp:term":[{"taxonomy":"product_brand","embeddable":true,"href":"https:\/\/danlexway.com\/ru\/wp-json\/wp\/v2\/product_brand?post=199"},{"taxonomy":"product_cat","embeddable":true,"href":"https:\/\/danlexway.com\/ru\/wp-json\/wp\/v2\/product_cat?post=199"},{"taxonomy":"product_tag","embeddable":true,"href":"https:\/\/danlexway.com\/ru\/wp-json\/wp\/v2\/product_tag?post=199"}],"curies":[{"name":"wp","href":"https:\/\/api.w.org\/{rel}","templated":true}]}}