{"id":1601,"date":"2026-03-30T12:19:49","date_gmt":"2026-03-30T10:19:49","guid":{"rendered":"https:\/\/danlexway.com\/?post_type=product&#038;p=1601"},"modified":"2026-03-30T12:29:18","modified_gmt":"2026-03-30T10:29:18","slug":"etui-silikonowe-samsung-galaxy-tab-s10-lite-s10-fe-s9-fe-przezroczyste-tpu-ochrona-360","status":"publish","type":"product","link":"https:\/\/danlexway.com\/ru\/produkt\/etui-silikonowe-samsung-galaxy-tab-s10-lite-s10-fe-s9-fe-przezroczyste-tpu-ochrona-360\/","title":{"rendered":"\u0427\u0435\u0445\u043e\u043b Samsung Galaxy Tab S10 Lite \/ S10 FE \/ S9 FE \u2014 \u043f\u0440\u043e\u0437\u0440\u0430\u0447\u043d\u044b\u0439, TPU, \u0437\u0430\u0449\u0438\u0442\u0430 360\u00b0"},"content":{"rendered":"<p><\/p>\n<h2 data-start=\"92\" data-end=\"188\">\ud83d\udcf1 \u0421\u0438\u043b\u0438\u043a\u043e\u043d\u043e\u0432\u044b\u0439 \u0447\u0435\u0445\u043e\u043b \u0434\u043b\u044f Samsung Galaxy Tab S10 Lite \/ S10 FE \/ S9 FE \u2014 \u043f\u0440\u043e\u0437\u0440\u0430\u0447\u043d\u0430\u044f \u0437\u0430\u0449\u0438\u0442\u0430 TPU<\/h2>\n<p data-start=\"190\" data-end=\"406\">\u041a\u0430\u0447\u0435\u0441\u0442\u0432\u0435\u043d\u043d\u044b\u0439 \u043f\u0440\u043e\u0437\u0440\u0430\u0447\u043d\u044b\u0439 \u0441\u0438\u043b\u0438\u043a\u043e\u043d\u043e\u0432\u044b\u0439 \u0447\u0435\u0445\u043e\u043b (TPU), \u0440\u0430\u0437\u0440\u0430\u0431\u043e\u0442\u0430\u043d\u043d\u044b\u0439 \u0441\u043f\u0435\u0446\u0438\u0430\u043b\u044c\u043d\u043e \u0434\u043b\u044f \u043c\u043e\u0434\u0435\u043b\u0435\u0439<br data-start=\"275\" data-end=\"278\" \/><strong data-start=\"278\" data-end=\"325\">Samsung Galaxy Tab S10 Lite, S10 FE \u0438 S9 FE<\/strong>, \u043e\u0431\u0435\u0441\u043f\u0435\u0447\u0438\u0432\u0430\u0435\u0442 \u043d\u0430\u0434\u0435\u0436\u043d\u0443\u044e \u0437\u0430\u0449\u0438\u0442\u0443 \u0443\u0441\u0442\u0440\u043e\u0439\u0441\u0442\u0432\u0430, \u0441\u043e\u0445\u0440\u0430\u043d\u044f\u044f \u0435\u0433\u043e \u043e\u0440\u0438\u0433\u0438\u043d\u0430\u043b\u044c\u043d\u044b\u0439 \u0432\u043d\u0435\u0448\u043d\u0438\u0439 \u0432\u0438\u0434.<\/p>\n<p data-start=\"408\" data-end=\"501\">\u041c\u0438\u043d\u0438\u043c\u0430\u043b\u0438\u0441\u0442\u0438\u0447\u043d\u044b\u0439 \u0434\u0438\u0437\u0430\u0439\u043d \u043f\u043e\u0434\u0447\u0435\u0440\u043a\u0438\u0432\u0430\u0435\u0442 \u0441\u0442\u0438\u043b\u044c \u043f\u043b\u0430\u043d\u0448\u0435\u0442\u0430, \u043d\u0435 \u0443\u0442\u044f\u0436\u0435\u043b\u044f\u044f \u0435\u0433\u043e \u0438 \u043d\u0435 \u0443\u0432\u0435\u043b\u0438\u0447\u0438\u0432\u0430\u044f \u0433\u0430\u0431\u0430\u0440\u0438\u0442\u044b.<\/p>\n<hr data-start=\"503\" data-end=\"506\" \/>\n<h2 data-start=\"508\" data-end=\"542\">\ud83d\udee1\ufe0f \u041d\u0430\u0434\u0451\u0436\u043d\u0430\u044f \u0437\u0430\u0449\u0438\u0442\u0430 \u043a\u0430\u0436\u0434\u044b\u0439 \u0434\u0435\u043d\u044c<\/h2>\n<p data-start=\"544\" data-end=\"606\">\u0427\u0435\u0445\u043e\u043b \u044d\u0444\u0444\u0435\u043a\u0442\u0438\u0432\u043d\u043e \u0437\u0430\u0449\u0438\u0449\u0430\u0435\u0442 \u043f\u043b\u0430\u043d\u0448\u0435\u0442 \u043e\u0442 \u043f\u043e\u0432\u0441\u0435\u0434\u043d\u0435\u0432\u043d\u044b\u0445 \u043f\u043e\u0432\u0440\u0435\u0436\u0434\u0435\u043d\u0438\u0439:<\/p>\n<p data-start=\"608\" data-end=\"778\">\u2714 \u0437\u0430\u0449\u0438\u0442\u0430 \u043e\u0442 \u0446\u0430\u0440\u0430\u043f\u0438\u043d \u0438 \u043f\u043e\u0442\u0435\u0440\u0442\u043e\u0441\u0442\u0435\u0439<br data-start=\"641\" data-end=\"644\" \/>\u2714 \u0443\u0441\u0442\u043e\u0439\u0447\u0438\u0432\u043e\u0441\u0442\u044c \u043a \u0443\u0434\u0430\u0440\u0430\u043c \u0438 \u043f\u0430\u0434\u0435\u043d\u0438\u044f\u043c<br data-start=\"678\" data-end=\"681\" \/>\u2714 \u0443\u0441\u0438\u043b\u0435\u043d\u043d\u044b\u0435 \u0443\u0433\u043b\u044b \u0434\u043b\u044f \u0434\u043e\u043f\u043e\u043b\u043d\u0438\u0442\u0435\u043b\u044c\u043d\u043e\u0439 \u0430\u043c\u043e\u0440\u0442\u0438\u0437\u0430\u0446\u0438\u0438<br data-start=\"728\" data-end=\"731\" \/>\u2714 \u043f\u0440\u0438\u043f\u043e\u0434\u043d\u044f\u0442\u044b\u0435 \u043a\u0440\u0430\u044f \u0434\u043b\u044f \u0437\u0430\u0449\u0438\u0442\u044b \u044d\u043a\u0440\u0430\u043d\u0430 \u0438 \u043a\u0430\u043c\u0435\u0440\u044b<\/p>\n<hr data-start=\"780\" data-end=\"783\" \/>\n<h2 data-start=\"785\" data-end=\"808\">\u2699\ufe0f \u0418\u0434\u0435\u0430\u043b\u044c\u043d\u0430\u044f \u043f\u043e\u0441\u0430\u0434\u043a\u0430<\/h2>\n<p data-start=\"810\" data-end=\"999\">\u2714 \u0442\u043e\u0447\u043d\u043e\u0435 \u0441\u043e\u043e\u0442\u0432\u0435\u0442\u0441\u0442\u0432\u0438\u0435 \u043c\u043e\u0434\u0435\u043b\u044f\u043c S10 Lite \/ S10 FE \/ S9 FE<br data-start=\"865\" data-end=\"868\" \/>\u2714 \u0430\u043a\u043a\u0443\u0440\u0430\u0442\u043d\u044b\u0435 \u0432\u044b\u0440\u0435\u0437\u044b \u043f\u043e\u0434 \u0432\u0441\u0435 \u043f\u043e\u0440\u0442\u044b \u0438 \u043a\u043d\u043e\u043f\u043a\u0438<br data-start=\"910\" data-end=\"913\" \/>\u2714 \u0441\u0432\u043e\u0431\u043e\u0434\u043d\u044b\u0439 \u0434\u043e\u0441\u0442\u0443\u043f \u043a\u043e \u0432\u0441\u0435\u043c \u0444\u0443\u043d\u043a\u0446\u0438\u044f\u043c<br data-start=\"948\" data-end=\"951\" \/>\u2714 \u043d\u0435 \u0442\u0440\u0435\u0431\u0443\u0435\u0442\u0441\u044f \u0441\u043d\u0438\u043c\u0430\u0442\u044c \u0447\u0435\u0445\u043e\u043b \u043f\u0440\u0438 \u0438\u0441\u043f\u043e\u043b\u044c\u0437\u043e\u0432\u0430\u043d\u0438\u0438<\/p>\n<hr data-start=\"1001\" data-end=\"1004\" \/>\n<h2 data-start=\"1006\" data-end=\"1034\">\u270f\ufe0f \u0423\u0434\u043e\u0431\u0441\u0442\u0432\u043e \u0438\u0441\u043f\u043e\u043b\u044c\u0437\u043e\u0432\u0430\u043d\u0438\u044f<\/h2>\n<p data-start=\"1036\" data-end=\"1160\">\u2714 \u043f\u0440\u0435\u0434\u0443\u0441\u043c\u043e\u0442\u0440\u0435\u043d\u043e \u043c\u0435\u0441\u0442\u043e \u0434\u043b\u044f \u0441\u0442\u0438\u043b\u0443\u0441\u0430 (S Pen)<br data-start=\"1077\" data-end=\"1080\" \/>\u2714 \u0431\u044b\u0441\u0442\u0440\u044b\u0439 \u0438 \u0443\u0434\u043e\u0431\u043d\u044b\u0439 \u0434\u043e\u0441\u0442\u0443\u043f<br data-start=\"1106\" data-end=\"1109\" \/>\u2714 \u043f\u043e\u0434\u0445\u043e\u0434\u0438\u0442 \u0434\u043b\u044f \u0440\u0430\u0431\u043e\u0442\u044b, \u0443\u0447\u0435\u0431\u044b \u0438 \u043f\u043e\u0432\u0441\u0435\u0434\u043d\u0435\u0432\u043d\u044b\u0445 \u0437\u0430\u0434\u0430\u0447<\/p>\n<hr data-start=\"1162\" data-end=\"1165\" \/>\n<h2 data-start=\"1167\" data-end=\"1191\">\ud83d\udd0d \u041b\u0451\u0433\u043a\u043e\u0441\u0442\u044c \u0438 \u043a\u043e\u043c\u0444\u043e\u0440\u0442<\/h2>\n<p data-start=\"1193\" data-end=\"1309\">\u2714 \u0442\u043e\u043d\u043a\u0438\u0439 \u0438 \u043b\u0451\u0433\u043a\u0438\u0439 \u2014 \u043d\u0435 \u0443\u0442\u044f\u0436\u0435\u043b\u044f\u0435\u0442 \u043f\u043b\u0430\u043d\u0448\u0435\u0442<br data-start=\"1233\" data-end=\"1236\" \/>\u2714 \u043f\u0440\u0438\u044f\u0442\u043d\u044b\u0439 \u043d\u0430 \u043e\u0449\u0443\u043f\u044c, \u043d\u0435 \u0441\u043a\u043e\u043b\u044c\u0437\u0438\u0442 \u0432 \u0440\u0443\u043a\u0430\u0445<br data-start=\"1276\" data-end=\"1279\" \/>\u2714 \u0443\u0434\u043e\u0431\u043d\u043e \u0434\u0435\u0440\u0436\u0430\u0442\u044c \u043e\u0434\u043d\u043e\u0439 \u0440\u0443\u043a\u043e\u0439<\/p>\n<hr data-start=\"1311\" data-end=\"1314\" \/>\n<h2 data-start=\"1316\" data-end=\"1344\">\ud83d\udc8e \u041a\u0430\u0447\u0435\u0441\u0442\u0432\u0435\u043d\u043d\u044b\u0435 \u043c\u0430\u0442\u0435\u0440\u0438\u0430\u043b\u044b<\/h2>\n<p data-start=\"1346\" data-end=\"1409\">\u0427\u0435\u0445\u043e\u043b \u0432\u044b\u043f\u043e\u043b\u043d\u0435\u043d \u0438\u0437 \u043f\u0440\u043e\u0447\u043d\u043e\u0433\u043e \u0438 \u0433\u0438\u0431\u043a\u043e\u0433\u043e TPU \u0441 \u044d\u043b\u0435\u043c\u0435\u043d\u0442\u0430\u043c\u0438 \u0443\u0441\u0438\u043b\u0435\u043d\u0438\u044f:<\/p>\n<p data-start=\"1411\" data-end=\"1505\">\u2714 \u0443\u0441\u0442\u043e\u0439\u0447\u0438\u0432 \u043a \u0434\u0435\u0444\u043e\u0440\u043c\u0430\u0446\u0438\u0438<br data-start=\"1434\" data-end=\"1437\" \/>\u2714 \u0441\u043e\u0445\u0440\u0430\u043d\u044f\u0435\u0442 \u043f\u0440\u043e\u0437\u0440\u0430\u0447\u043d\u043e\u0441\u0442\u044c<br data-start=\"1461\" data-end=\"1464\" \/>\u2714 \u0440\u0430\u0441\u0441\u0447\u0438\u0442\u0430\u043d \u043d\u0430 \u0434\u043b\u0438\u0442\u0435\u043b\u044c\u043d\u043e\u0435 \u0438\u0441\u043f\u043e\u043b\u044c\u0437\u043e\u0432\u0430\u043d\u0438\u0435<\/p>\n<hr data-start=\"1507\" data-end=\"1510\" \/>\n<h2 data-start=\"1512\" data-end=\"1549\">\ud83d\udce6 \u041f\u043e\u0447\u0435\u043c\u0443 \u0441\u0442\u043e\u0438\u0442 \u0432\u044b\u0431\u0440\u0430\u0442\u044c \u044d\u0442\u043e\u0442 \u0447\u0435\u0445\u043e\u043b<\/h2>\n<p data-start=\"1551\" data-end=\"1730\">\u2714 \u043d\u0430\u0434\u0451\u0436\u043d\u0430\u044f \u0437\u0430\u0449\u0438\u0442\u0430 \u0431\u0435\u0437 \u0443\u0442\u0440\u0430\u0442\u044b \u0432\u043d\u0435\u0448\u043d\u0435\u0433\u043e \u0432\u0438\u0434\u0430 \u0443\u0441\u0442\u0440\u043e\u0439\u0441\u0442\u0432\u0430<br data-start=\"1604\" data-end=\"1607\" \/>\u2714 \u0438\u0434\u0435\u0430\u043b\u044c\u043d\u0430\u044f \u0441\u043e\u0432\u043c\u0435\u0441\u0442\u0438\u043c\u043e\u0441\u0442\u044c \u0441 \u043c\u043e\u0434\u0435\u043b\u044f\u043c\u0438 Samsung<br data-start=\"1651\" data-end=\"1654\" \/>\u2714 \u043b\u0451\u0433\u043a\u0438\u0439, \u043f\u0440\u043e\u0447\u043d\u044b\u0439 \u0438 \u043f\u0440\u0430\u043a\u0442\u0438\u0447\u043d\u044b\u0439<br data-start=\"1684\" data-end=\"1687\" \/>\u2714 \u043e\u043f\u0442\u0438\u043c\u0430\u043b\u044c\u043d\u043e\u0435 \u0441\u043e\u043e\u0442\u043d\u043e\u0448\u0435\u043d\u0438\u0435 \u0446\u0435\u043d\u044b \u0438 \u043a\u0430\u0447\u0435\u0441\u0442\u0432\u0430<\/p>\n<hr data-start=\"1732\" data-end=\"1735\" \/>\n<h2 data-start=\"1737\" data-end=\"1756\">\ud83c\udfaf \u041f\u043e\u0434\u0445\u043e\u0434\u0438\u0442 \u0434\u043b\u044f:<\/h2>\n<p data-start=\"1758\" data-end=\"1848\">\u2714 Samsung Galaxy Tab S10 Lite<br data-start=\"1787\" data-end=\"1790\" \/>\u2714 Samsung Galaxy Tab S10 FE<br data-start=\"1817\" data-end=\"1820\" \/>\u2714 Samsung Galaxy Tab S9 FE<\/p>\n<p><\/p>","protected":false},"excerpt":{"rendered":"<p><strong data-start=\"0\" data-end=\"66\" data-is-only-node=\"\">\u0421\u0438\u043b\u0438\u043a\u043e\u043d\u043e\u0432\u044b\u0439 \u0447\u0435\u0445\u043e\u043b Samsung Galaxy Tab S10 Lite \/ S10 FE \/ S9 FE<\/strong> \u2014 \u043f\u0440\u043e\u0437\u0440\u0430\u0447\u043d\u044b\u0439, \u0442\u043e\u043d\u043a\u0438\u0439 \u0438 \u043f\u0440\u043e\u0447\u043d\u044b\u0439. \u0417\u0430\u0449\u0438\u0442\u0430 360\u00b0, \u0438\u0434\u0435\u0430\u043b\u044c\u043d\u0430\u044f \u043f\u043e\u0441\u0430\u0434\u043a\u0430, \u043c\u0435\u0441\u0442\u043e \u0434\u043b\u044f \u0441\u0442\u0438\u043b\u0443\u0441\u0430, TPU. \u0417\u0430\u0449\u0438\u0449\u0430\u0435\u0442 \u043e\u0442 \u0446\u0430\u0440\u0430\u043f\u0438\u043d \u0438 \u0443\u0434\u0430\u0440\u043e\u0432.<\/p>\n","protected":false},"featured_media":1602,"comment_status":"open","ping_status":"closed","template":"","meta":{"_acf_changed":false,"inline_featured_image":false},"product_brand":[],"product_cat":[38,17,21],"product_tag":[],"class_list":{"0":"post-1601","1":"product","2":"type-product","3":"status-publish","4":"has-post-thumbnail","6":"product_cat-tablety","7":"product_cat-tablety-z-nawigacja","8":"product_cat-akcesoria-dla-kierowcow","10":"first","11":"instock","12":"shipping-taxable","13":"purchasable","14":"product-type-simple"},"acf":[],"aioseo_notices":[],"qtranslate_raw":{"raw_title":"[:pl]Etui silikonowe Samsung Galaxy Tab S10 Lite \/ S10 FE \/ S9 FE \u2013 przezroczyste, TPU, ochrona 360\u00b0[:ru]\u0427\u0435\u0445\u043e\u043b Samsung Galaxy Tab S10 Lite \/ S10 FE \/ S9 FE \u2014 \u043f\u0440\u043e\u0437\u0440\u0430\u0447\u043d\u044b\u0439, TPU, \u0437\u0430\u0449\u0438\u0442\u0430 360\u00b0[:]","raw_content":"[:pl]<h2 data-start=\"92\" data-end=\"189\">\ud83d\udcf1 Etui silikonowe do Samsung Galaxy Tab S10 Lite \/ S10 FE \/ S9 FE \u2014 przezroczysta ochrona TPU<\/h2>\r\n<p data-start=\"191\" data-end=\"410\">Wysokiej jako\u015bci, przezroczyste etui silikonowe (TPU), zaprojektowane specjalnie dla modeli<br data-start=\"282\" data-end=\"285\" \/><strong data-start=\"285\" data-end=\"335\">Samsung Galaxy Tab S10 Lite, S10 FE oraz S9 FE<\/strong>, zapewnia skuteczn\u0105 ochron\u0119 urz\u0105dzenia, zachowuj\u0105c jego oryginalny wygl\u0105d.<\/p>\r\n<p data-start=\"412\" data-end=\"498\">Minimalistyczny design podkre\u015bla styl tabletu, nie zwi\u0119kszaj\u0105c jego wagi ani rozmiaru.<\/p>\r\n\r\n\r\n<hr data-start=\"500\" data-end=\"503\" \/>\r\n\r\n<h2 data-start=\"505\" data-end=\"542\">\ud83d\udee1\ufe0f Niezawodna ochrona na co dzie\u0144<\/h2>\r\n<p data-start=\"544\" data-end=\"606\">Etui skutecznie chroni tablet przed codziennymi uszkodzeniami:<\/p>\r\n<p data-start=\"608\" data-end=\"785\">\u2714 ochrona przed zarysowaniami i otarciami<br data-start=\"649\" data-end=\"652\" \/>\u2714 odporno\u015b\u0107 na uderzenia i upadki<br data-start=\"685\" data-end=\"688\" \/>\u2714 wzmocnione naro\u017cniki dla lepszej amortyzacji<br data-start=\"734\" data-end=\"737\" \/>\u2714 podwy\u017cszone kraw\u0119dzie chroni\u0105 ekran i aparat<\/p>\r\n\r\n\r\n<hr data-start=\"787\" data-end=\"790\" \/>\r\n\r\n<h2 data-start=\"792\" data-end=\"817\">\u2699\ufe0f Idealne dopasowanie<\/h2>\r\n<p data-start=\"819\" data-end=\"1035\">\u2714 perfekcyjnie dopasowane do modeli S10 Lite \/ S10 FE \/ S9 FE<br data-start=\"880\" data-end=\"883\" \/>\u2714 precyzyjne wyci\u0119cia na wszystkie porty i przyciski<br data-start=\"935\" data-end=\"938\" \/>\u2714 pe\u0142ny dost\u0119p do funkcji urz\u0105dzenia<br data-start=\"974\" data-end=\"977\" \/>\u2714 brak konieczno\u015bci zdejmowania etui podczas u\u017cytkowania<\/p>\r\n\r\n\r\n<hr data-start=\"1037\" data-end=\"1040\" \/>\r\n\r\n<h2 data-start=\"1042\" data-end=\"1066\">\u270f\ufe0f Wygoda u\u017cytkowania<\/h2>\r\n<p data-start=\"1068\" data-end=\"1178\">\u2714 miejsce na rysik (S Pen)<br data-start=\"1094\" data-end=\"1097\" \/>\u2714 szybki i wygodny dost\u0119p<br data-start=\"1122\" data-end=\"1125\" \/>\u2714 idealne do pracy, nauki i codziennego u\u017cytkowania<\/p>\r\n\r\n\r\n<hr data-start=\"1180\" data-end=\"1183\" \/>\r\n\r\n<h2 data-start=\"1185\" data-end=\"1208\">\ud83d\udd0d Lekko\u015b\u0107 i komfort<\/h2>\r\n<p data-start=\"1210\" data-end=\"1350\">\u2714 cienka i lekka konstrukcja \u2014 nie pogrubia tabletu<br data-start=\"1261\" data-end=\"1264\" \/>\u2714 przyjemna w dotyku, antypo\u015blizgowa powierzchnia<br data-start=\"1313\" data-end=\"1316\" \/>\u2714 wygodne u\u017cytkowanie jedn\u0105 r\u0119k\u0105<\/p>\r\n\r\n\r\n<hr data-start=\"1352\" data-end=\"1355\" \/>\r\n\r\n<h2 data-start=\"1357\" data-end=\"1386\">\ud83d\udc8e Wysoka jako\u015b\u0107 wykonania<\/h2>\r\n<p data-start=\"1388\" data-end=\"1460\">Etui wykonane z trwa\u0142ego i elastycznego TPU z elementami wzmacniaj\u0105cymi:<\/p>\r\n<p data-start=\"1462\" data-end=\"1560\">\u2714 odporno\u015b\u0107 na odkszta\u0142cenia<br data-start=\"1490\" data-end=\"1493\" \/>\u2714 zachowanie przejrzysto\u015bci materia\u0142u<br data-start=\"1530\" data-end=\"1533\" \/>\u2714 d\u0142ugotrwa\u0142e u\u017cytkowanie<\/p>\r\n\r\n\r\n<hr data-start=\"1562\" data-end=\"1565\" \/>\r\n\r\n<h2 data-start=\"1567\" data-end=\"1602\">\ud83d\udce6 Dlaczego warto wybra\u0107 to etui<\/h2>\r\n<p data-start=\"1604\" data-end=\"1786\">\u2714 skuteczna ochrona bez zmiany wygl\u0105du urz\u0105dzenia<br data-start=\"1653\" data-end=\"1656\" \/>\u2714 idealna kompatybilno\u015b\u0107 z tabletami Samsung<br data-start=\"1700\" data-end=\"1703\" \/>\u2714 lekka, trwa\u0142a i funkcjonalna konstrukcja<br data-start=\"1745\" data-end=\"1748\" \/>\u2714 doskona\u0142y stosunek jako\u015bci do ceny<\/p>\r\n\r\n\r\n<hr data-start=\"1788\" data-end=\"1791\" \/>\r\n\r\n<h2 data-start=\"1793\" data-end=\"1814\">\ud83c\udfaf Kompatybilno\u015b\u0107:<\/h2>\r\n<p data-start=\"1816\" data-end=\"1906\">\u2714 Samsung Galaxy Tab S10 Lite<br data-start=\"1845\" data-end=\"1848\" \/>\u2714 Samsung Galaxy Tab S10 FE<br data-start=\"1875\" data-end=\"1878\" \/>\u2714 Samsung Galaxy Tab S9 FE<\/p>[:ru]<h2 data-start=\"92\" data-end=\"188\">\ud83d\udcf1 \u0421\u0438\u043b\u0438\u043a\u043e\u043d\u043e\u0432\u044b\u0439 \u0447\u0435\u0445\u043e\u043b \u0434\u043b\u044f Samsung Galaxy Tab S10 Lite \/ S10 FE \/ S9 FE \u2014 \u043f\u0440\u043e\u0437\u0440\u0430\u0447\u043d\u0430\u044f \u0437\u0430\u0449\u0438\u0442\u0430 TPU<\/h2>\r\n<p data-start=\"190\" data-end=\"406\">\u041a\u0430\u0447\u0435\u0441\u0442\u0432\u0435\u043d\u043d\u044b\u0439 \u043f\u0440\u043e\u0437\u0440\u0430\u0447\u043d\u044b\u0439 \u0441\u0438\u043b\u0438\u043a\u043e\u043d\u043e\u0432\u044b\u0439 \u0447\u0435\u0445\u043e\u043b (TPU), \u0440\u0430\u0437\u0440\u0430\u0431\u043e\u0442\u0430\u043d\u043d\u044b\u0439 \u0441\u043f\u0435\u0446\u0438\u0430\u043b\u044c\u043d\u043e \u0434\u043b\u044f \u043c\u043e\u0434\u0435\u043b\u0435\u0439<br data-start=\"275\" data-end=\"278\" \/><strong data-start=\"278\" data-end=\"325\">Samsung Galaxy Tab S10 Lite, S10 FE \u0438 S9 FE<\/strong>, \u043e\u0431\u0435\u0441\u043f\u0435\u0447\u0438\u0432\u0430\u0435\u0442 \u043d\u0430\u0434\u0435\u0436\u043d\u0443\u044e \u0437\u0430\u0449\u0438\u0442\u0443 \u0443\u0441\u0442\u0440\u043e\u0439\u0441\u0442\u0432\u0430, \u0441\u043e\u0445\u0440\u0430\u043d\u044f\u044f \u0435\u0433\u043e \u043e\u0440\u0438\u0433\u0438\u043d\u0430\u043b\u044c\u043d\u044b\u0439 \u0432\u043d\u0435\u0448\u043d\u0438\u0439 \u0432\u0438\u0434.<\/p>\r\n<p data-start=\"408\" data-end=\"501\">\u041c\u0438\u043d\u0438\u043c\u0430\u043b\u0438\u0441\u0442\u0438\u0447\u043d\u044b\u0439 \u0434\u0438\u0437\u0430\u0439\u043d \u043f\u043e\u0434\u0447\u0435\u0440\u043a\u0438\u0432\u0430\u0435\u0442 \u0441\u0442\u0438\u043b\u044c \u043f\u043b\u0430\u043d\u0448\u0435\u0442\u0430, \u043d\u0435 \u0443\u0442\u044f\u0436\u0435\u043b\u044f\u044f \u0435\u0433\u043e \u0438 \u043d\u0435 \u0443\u0432\u0435\u043b\u0438\u0447\u0438\u0432\u0430\u044f \u0433\u0430\u0431\u0430\u0440\u0438\u0442\u044b.<\/p>\r\n\r\n\r\n<hr data-start=\"503\" data-end=\"506\" \/>\r\n\r\n<h2 data-start=\"508\" data-end=\"542\">\ud83d\udee1\ufe0f \u041d\u0430\u0434\u0451\u0436\u043d\u0430\u044f \u0437\u0430\u0449\u0438\u0442\u0430 \u043a\u0430\u0436\u0434\u044b\u0439 \u0434\u0435\u043d\u044c<\/h2>\r\n<p data-start=\"544\" data-end=\"606\">\u0427\u0435\u0445\u043e\u043b \u044d\u0444\u0444\u0435\u043a\u0442\u0438\u0432\u043d\u043e \u0437\u0430\u0449\u0438\u0449\u0430\u0435\u0442 \u043f\u043b\u0430\u043d\u0448\u0435\u0442 \u043e\u0442 \u043f\u043e\u0432\u0441\u0435\u0434\u043d\u0435\u0432\u043d\u044b\u0445 \u043f\u043e\u0432\u0440\u0435\u0436\u0434\u0435\u043d\u0438\u0439:<\/p>\r\n<p data-start=\"608\" data-end=\"778\">\u2714 \u0437\u0430\u0449\u0438\u0442\u0430 \u043e\u0442 \u0446\u0430\u0440\u0430\u043f\u0438\u043d \u0438 \u043f\u043e\u0442\u0435\u0440\u0442\u043e\u0441\u0442\u0435\u0439<br data-start=\"641\" data-end=\"644\" \/>\u2714 \u0443\u0441\u0442\u043e\u0439\u0447\u0438\u0432\u043e\u0441\u0442\u044c \u043a \u0443\u0434\u0430\u0440\u0430\u043c \u0438 \u043f\u0430\u0434\u0435\u043d\u0438\u044f\u043c<br data-start=\"678\" data-end=\"681\" \/>\u2714 \u0443\u0441\u0438\u043b\u0435\u043d\u043d\u044b\u0435 \u0443\u0433\u043b\u044b \u0434\u043b\u044f \u0434\u043e\u043f\u043e\u043b\u043d\u0438\u0442\u0435\u043b\u044c\u043d\u043e\u0439 \u0430\u043c\u043e\u0440\u0442\u0438\u0437\u0430\u0446\u0438\u0438<br data-start=\"728\" data-end=\"731\" \/>\u2714 \u043f\u0440\u0438\u043f\u043e\u0434\u043d\u044f\u0442\u044b\u0435 \u043a\u0440\u0430\u044f \u0434\u043b\u044f \u0437\u0430\u0449\u0438\u0442\u044b \u044d\u043a\u0440\u0430\u043d\u0430 \u0438 \u043a\u0430\u043c\u0435\u0440\u044b<\/p>\r\n\r\n\r\n<hr data-start=\"780\" data-end=\"783\" \/>\r\n\r\n<h2 data-start=\"785\" data-end=\"808\">\u2699\ufe0f \u0418\u0434\u0435\u0430\u043b\u044c\u043d\u0430\u044f \u043f\u043e\u0441\u0430\u0434\u043a\u0430<\/h2>\r\n<p data-start=\"810\" data-end=\"999\">\u2714 \u0442\u043e\u0447\u043d\u043e\u0435 \u0441\u043e\u043e\u0442\u0432\u0435\u0442\u0441\u0442\u0432\u0438\u0435 \u043c\u043e\u0434\u0435\u043b\u044f\u043c S10 Lite \/ S10 FE \/ S9 FE<br data-start=\"865\" data-end=\"868\" \/>\u2714 \u0430\u043a\u043a\u0443\u0440\u0430\u0442\u043d\u044b\u0435 \u0432\u044b\u0440\u0435\u0437\u044b \u043f\u043e\u0434 \u0432\u0441\u0435 \u043f\u043e\u0440\u0442\u044b \u0438 \u043a\u043d\u043e\u043f\u043a\u0438<br data-start=\"910\" data-end=\"913\" \/>\u2714 \u0441\u0432\u043e\u0431\u043e\u0434\u043d\u044b\u0439 \u0434\u043e\u0441\u0442\u0443\u043f \u043a\u043e \u0432\u0441\u0435\u043c \u0444\u0443\u043d\u043a\u0446\u0438\u044f\u043c<br data-start=\"948\" data-end=\"951\" \/>\u2714 \u043d\u0435 \u0442\u0440\u0435\u0431\u0443\u0435\u0442\u0441\u044f \u0441\u043d\u0438\u043c\u0430\u0442\u044c \u0447\u0435\u0445\u043e\u043b \u043f\u0440\u0438 \u0438\u0441\u043f\u043e\u043b\u044c\u0437\u043e\u0432\u0430\u043d\u0438\u0438<\/p>\r\n\r\n\r\n<hr data-start=\"1001\" data-end=\"1004\" \/>\r\n\r\n<h2 data-start=\"1006\" data-end=\"1034\">\u270f\ufe0f \u0423\u0434\u043e\u0431\u0441\u0442\u0432\u043e \u0438\u0441\u043f\u043e\u043b\u044c\u0437\u043e\u0432\u0430\u043d\u0438\u044f<\/h2>\r\n<p data-start=\"1036\" data-end=\"1160\">\u2714 \u043f\u0440\u0435\u0434\u0443\u0441\u043c\u043e\u0442\u0440\u0435\u043d\u043e \u043c\u0435\u0441\u0442\u043e \u0434\u043b\u044f \u0441\u0442\u0438\u043b\u0443\u0441\u0430 (S Pen)<br data-start=\"1077\" data-end=\"1080\" \/>\u2714 \u0431\u044b\u0441\u0442\u0440\u044b\u0439 \u0438 \u0443\u0434\u043e\u0431\u043d\u044b\u0439 \u0434\u043e\u0441\u0442\u0443\u043f<br data-start=\"1106\" data-end=\"1109\" \/>\u2714 \u043f\u043e\u0434\u0445\u043e\u0434\u0438\u0442 \u0434\u043b\u044f \u0440\u0430\u0431\u043e\u0442\u044b, \u0443\u0447\u0435\u0431\u044b \u0438 \u043f\u043e\u0432\u0441\u0435\u0434\u043d\u0435\u0432\u043d\u044b\u0445 \u0437\u0430\u0434\u0430\u0447<\/p>\r\n\r\n\r\n<hr data-start=\"1162\" data-end=\"1165\" \/>\r\n\r\n<h2 data-start=\"1167\" data-end=\"1191\">\ud83d\udd0d \u041b\u0451\u0433\u043a\u043e\u0441\u0442\u044c \u0438 \u043a\u043e\u043c\u0444\u043e\u0440\u0442<\/h2>\r\n<p data-start=\"1193\" data-end=\"1309\">\u2714 \u0442\u043e\u043d\u043a\u0438\u0439 \u0438 \u043b\u0451\u0433\u043a\u0438\u0439 \u2014 \u043d\u0435 \u0443\u0442\u044f\u0436\u0435\u043b\u044f\u0435\u0442 \u043f\u043b\u0430\u043d\u0448\u0435\u0442<br data-start=\"1233\" data-end=\"1236\" \/>\u2714 \u043f\u0440\u0438\u044f\u0442\u043d\u044b\u0439 \u043d\u0430 \u043e\u0449\u0443\u043f\u044c, \u043d\u0435 \u0441\u043a\u043e\u043b\u044c\u0437\u0438\u0442 \u0432 \u0440\u0443\u043a\u0430\u0445<br data-start=\"1276\" data-end=\"1279\" \/>\u2714 \u0443\u0434\u043e\u0431\u043d\u043e \u0434\u0435\u0440\u0436\u0430\u0442\u044c \u043e\u0434\u043d\u043e\u0439 \u0440\u0443\u043a\u043e\u0439<\/p>\r\n\r\n\r\n<hr data-start=\"1311\" data-end=\"1314\" \/>\r\n\r\n<h2 data-start=\"1316\" data-end=\"1344\">\ud83d\udc8e \u041a\u0430\u0447\u0435\u0441\u0442\u0432\u0435\u043d\u043d\u044b\u0435 \u043c\u0430\u0442\u0435\u0440\u0438\u0430\u043b\u044b<\/h2>\r\n<p data-start=\"1346\" data-end=\"1409\">\u0427\u0435\u0445\u043e\u043b \u0432\u044b\u043f\u043e\u043b\u043d\u0435\u043d \u0438\u0437 \u043f\u0440\u043e\u0447\u043d\u043e\u0433\u043e \u0438 \u0433\u0438\u0431\u043a\u043e\u0433\u043e TPU \u0441 \u044d\u043b\u0435\u043c\u0435\u043d\u0442\u0430\u043c\u0438 \u0443\u0441\u0438\u043b\u0435\u043d\u0438\u044f:<\/p>\r\n<p data-start=\"1411\" data-end=\"1505\">\u2714 \u0443\u0441\u0442\u043e\u0439\u0447\u0438\u0432 \u043a \u0434\u0435\u0444\u043e\u0440\u043c\u0430\u0446\u0438\u0438<br data-start=\"1434\" data-end=\"1437\" \/>\u2714 \u0441\u043e\u0445\u0440\u0430\u043d\u044f\u0435\u0442 \u043f\u0440\u043e\u0437\u0440\u0430\u0447\u043d\u043e\u0441\u0442\u044c<br data-start=\"1461\" data-end=\"1464\" \/>\u2714 \u0440\u0430\u0441\u0441\u0447\u0438\u0442\u0430\u043d \u043d\u0430 \u0434\u043b\u0438\u0442\u0435\u043b\u044c\u043d\u043e\u0435 \u0438\u0441\u043f\u043e\u043b\u044c\u0437\u043e\u0432\u0430\u043d\u0438\u0435<\/p>\r\n\r\n\r\n<hr data-start=\"1507\" data-end=\"1510\" \/>\r\n\r\n<h2 data-start=\"1512\" data-end=\"1549\">\ud83d\udce6 \u041f\u043e\u0447\u0435\u043c\u0443 \u0441\u0442\u043e\u0438\u0442 \u0432\u044b\u0431\u0440\u0430\u0442\u044c \u044d\u0442\u043e\u0442 \u0447\u0435\u0445\u043e\u043b<\/h2>\r\n<p data-start=\"1551\" data-end=\"1730\">\u2714 \u043d\u0430\u0434\u0451\u0436\u043d\u0430\u044f \u0437\u0430\u0449\u0438\u0442\u0430 \u0431\u0435\u0437 \u0443\u0442\u0440\u0430\u0442\u044b \u0432\u043d\u0435\u0448\u043d\u0435\u0433\u043e \u0432\u0438\u0434\u0430 \u0443\u0441\u0442\u0440\u043e\u0439\u0441\u0442\u0432\u0430<br data-start=\"1604\" data-end=\"1607\" \/>\u2714 \u0438\u0434\u0435\u0430\u043b\u044c\u043d\u0430\u044f \u0441\u043e\u0432\u043c\u0435\u0441\u0442\u0438\u043c\u043e\u0441\u0442\u044c \u0441 \u043c\u043e\u0434\u0435\u043b\u044f\u043c\u0438 Samsung<br data-start=\"1651\" data-end=\"1654\" \/>\u2714 \u043b\u0451\u0433\u043a\u0438\u0439, \u043f\u0440\u043e\u0447\u043d\u044b\u0439 \u0438 \u043f\u0440\u0430\u043a\u0442\u0438\u0447\u043d\u044b\u0439<br data-start=\"1684\" data-end=\"1687\" \/>\u2714 \u043e\u043f\u0442\u0438\u043c\u0430\u043b\u044c\u043d\u043e\u0435 \u0441\u043e\u043e\u0442\u043d\u043e\u0448\u0435\u043d\u0438\u0435 \u0446\u0435\u043d\u044b \u0438 \u043a\u0430\u0447\u0435\u0441\u0442\u0432\u0430<\/p>\r\n\r\n\r\n<hr data-start=\"1732\" data-end=\"1735\" \/>\r\n\r\n<h2 data-start=\"1737\" data-end=\"1756\">\ud83c\udfaf \u041f\u043e\u0434\u0445\u043e\u0434\u0438\u0442 \u0434\u043b\u044f:<\/h2>\r\n<p data-start=\"1758\" data-end=\"1848\">\u2714 Samsung Galaxy Tab S10 Lite<br data-start=\"1787\" data-end=\"1790\" \/>\u2714 Samsung Galaxy Tab S10 FE<br data-start=\"1817\" data-end=\"1820\" \/>\u2714 Samsung Galaxy Tab S9 FE<\/p>[:]","raw_meta":{"woo_inpost_parcel_dimensions":"small"}},"_links":{"self":[{"href":"https:\/\/danlexway.com\/ru\/wp-json\/wp\/v2\/product\/1601","targetHints":{"allow":["GET"]}}],"collection":[{"href":"https:\/\/danlexway.com\/ru\/wp-json\/wp\/v2\/product"}],"about":[{"href":"https:\/\/danlexway.com\/ru\/wp-json\/wp\/v2\/types\/product"}],"replies":[{"embeddable":true,"href":"https:\/\/danlexway.com\/ru\/wp-json\/wp\/v2\/comments?post=1601"}],"wp:featuredmedia":[{"embeddable":true,"href":"https:\/\/danlexway.com\/ru\/wp-json\/wp\/v2\/media\/1602"}],"wp:attachment":[{"href":"https:\/\/danlexway.com\/ru\/wp-json\/wp\/v2\/media?parent=1601"}],"wp:term":[{"taxonomy":"product_brand","embeddable":true,"href":"https:\/\/danlexway.com\/ru\/wp-json\/wp\/v2\/product_brand?post=1601"},{"taxonomy":"product_cat","embeddable":true,"href":"https:\/\/danlexway.com\/ru\/wp-json\/wp\/v2\/product_cat?post=1601"},{"taxonomy":"product_tag","embeddable":true,"href":"https:\/\/danlexway.com\/ru\/wp-json\/wp\/v2\/product_tag?post=1601"}],"curies":[{"name":"wp","href":"https:\/\/api.w.org\/{rel}","templated":true}]}}